            {"id":1952,"date":"2016-07-05T13:30:38","date_gmt":"2016-07-05T11:30:38","guid":{"rendered":"http:\/\/www.chateaumondesir.mu\/wedding\/?lang=fr"},"modified":"2023-05-19T18:59:45","modified_gmt":"2023-05-19T16:59:45","slug":"wedding","status":"publish","type":"page","link":"https:\/\/www.chateaumondesir.mu\/fr\/wedding\/","title":{"rendered":"Mariage"},"content":{"rendered":"<p>[vc_row bg_type=\u00a0\u00bbbg_color\u00a0\u00bb bg_override=\u00a0\u00bbex-full\u00a0\u00bb css=\u00a0\u00bb.vc_custom_1426675527276{padding-top: 60px !important;padding-bottom: 60px !important;}\u00a0\u00bb bg_color_value=\u00a0\u00bb#ffffff\u00a0\u00bb][vc_column width=\u00a0\u00bb1\/2&Prime; css=\u00a0\u00bb.vc_custom_1468913058396{padding-right: 15px !important;padding-left: 15px !important;}\u00a0\u00bb][vc_custom_heading text=\u00a0\u00bbVotre Mariage de R\u00eave\u00a0\u00bb font_container=\u00a0\u00bbtag:h2|text_align:left|color:%23b12852&Prime; google_fonts=\u00a0\u00bbfont_family:Roboto%20Slab%3A100%2C300%2Cregular%2C700|font_style:300%20light%20regular%3A300%3Anormal\u00a0\u00bb stm_sep_icon_size=\u00a0\u00bb30&Prime;]<div class=\"ult-spacer spacer-69da2076e5da6\" data-id=\"69da2076e5da6\" data-height=\"25\" data-height-mobile=\"25\" data-height-tab=\"25\" data-height-tab-portrait=\"25\" data-height-mobile-landscape=\"25\" style=\"clear:both;display:block;\"><\/div>[vc_column_text]Quoi de plus magique et \u00e9l\u00e9gant qu\u2019un mariage au Ch\u00e2teau D\u00e9sir!<br \/>\nC&rsquo;est en effet l&rsquo;endroit idyllique pour dire \u2018Oui je le veux\u2019 \u2026<\/p>\n<blockquote><p>Son cadre enchanteur dans une demeure de style colonial et ses environs surplombant les \u2018Ruines Historiques de Balaclava&rsquo; et la rivi\u00e8re Citron sont simplement \u00e0 couper le souffle.<\/p><\/blockquote>\n<p>[\/vc_column_text][\/vc_column][vc_column width=\u00a0\u00bb1\/2&Prime; css=\u00a0\u00bb.vc_custom_1468913063696{padding-right: 15px !important;padding-left: 15px !important;}\u00a0\u00bb][vc_single_image image=\u00a0\u00bb1674&Prime; img_size=\u00a0\u00bbfull\u00a0\u00bb alignment=\u00a0\u00bbcenter\u00a0\u00bb][\/vc_column][\/vc_row][vc_row bg_type=\u00a0\u00bbbg_color\u00a0\u00bb bg_override=\u00a0\u00bbex-full\u00a0\u00bb bg_color_value=\u00a0\u00bb#ffffff\u00a0\u00bb][vc_column]<div class=\"ult-spacer spacer-69da2076e5dca\" data-id=\"69da2076e5dca\" data-height=\"25\" data-height-mobile=\"25\" data-height-tab=\"25\" data-height-tab-portrait=\"\" data-height-mobile-landscape=\"\" style=\"clear:both;display:block;\"><\/div>[\/vc_column][\/vc_row][vc_row][vc_column][vc_column_text][\/vc_column_text][\/vc_column][\/vc_row][vc_row bg_type=\u00a0\u00bbbg_color\u00a0\u00bb bg_override=\u00a0\u00bbex-full\u00a0\u00bb css=\u00a0\u00bb.vc_custom_1426675527276{padding-top: 60px !important;padding-bottom: 60px !important;}\u00a0\u00bb bg_color_value=\u00a0\u00bb#ffffff\u00a0\u00bb][vc_column width=\u00a0\u00bb1\/2&Prime; css=\u00a0\u00bb.vc_custom_1468913076862{padding-right: 15px !important;padding-left: 15px !important;}\u00a0\u00bb][vc_custom_heading text=\u00a0\u00bbPlanifiez votre Jour J\u00a0\u00bb font_container=\u00a0\u00bbtag:h2|text_align:left|color:%23b12852&Prime; google_fonts=\u00a0\u00bbfont_family:Roboto%20Slab%3A100%2C300%2Cregular%2C700|font_style:300%20light%20regular%3A300%3Anormal\u00a0\u00bb stm_sep_icon_size=\u00a0\u00bb30&Prime;]<div class=\"ult-spacer spacer-69da2076e5de4\" data-id=\"69da2076e5de4\" data-height=\"25\" data-height-mobile=\"25\" data-height-tab=\"25\" data-height-tab-portrait=\"25\" data-height-mobile-landscape=\"25\" style=\"clear:both;display:block;\"><\/div>[vc_column_text]Notre \u00e9quipe de \u00a0professionnels d\u00e9di\u00e9e aux mariages se fera un plaisir de vous aider avec toute la planification de votre jour sp\u00e9cial.[\/vc_column_text]<div class=\"ult-spacer spacer-69da2076e5df5\" data-id=\"69da2076e5df5\" data-height=\"22\" data-height-mobile=\"22\" data-height-tab=\"22\" data-height-tab-portrait=\"\" data-height-mobile-landscape=\"\" style=\"clear:both;display:block;\"><\/div><div class=\"aio-icon-component    style_1\"><div id=\"Info-box-wrap-2507\" class=\"aio-icon-box default-icon\" style=\"\"  ><div class=\"aio-icon-default\"><div class=\"ult-just-icon-wrapper  \"><div class=\"align-icon\" style=\"text-align:center;\">\n<div class=\"aio-icon none \"  style=\"color:#333;font-size:32px;display:inline-block;\">\n\t<i class=\"Defaults-envelope-o\"><\/i>\n<\/div><\/div><\/div><\/div><div class=\"aio-icon-header\" ><h3 class=\"aio-icon-title ult-responsive\"  data-ultimate-target='#Info-box-wrap-2507 .aio-icon-title'  data-responsive-json-new='{\"font-size\":\"\",\"line-height\":\"\"}'  style=\"font-style:italic;font-weight:normal;\">Information Request<\/h3><\/div> <!-- header --><div class=\"aio-icon-description ult-responsive\"  data-ultimate-target='#Info-box-wrap-2507 .aio-icon-description'  data-responsive-json-new='{\"font-size\":\"\",\"line-height\":\"\"}'  style=\"\">Pour plus d&rsquo;information, veuillez-nous contacter sur <a href=\"mailto:wedding.mau@maritim.com\">wedding.mau@maritim.com<\/a><\/div> <!-- description --><\/div> <!-- aio-icon-box --><\/div> <!-- aio-icon-component -->[\/vc_column][vc_column width=\u00a0\u00bb1\/2&Prime; css=\u00a0\u00bb.vc_custom_1468913081698{padding-right: 15px !important;padding-left: 15px !important;}\u00a0\u00bb][vc_single_image image=\u00a0\u00bb1675&Prime; img_size=\u00a0\u00bbfull\u00a0\u00bb alignment=\u00a0\u00bbcenter\u00a0\u00bb][\/vc_column][\/vc_row]<\/p>\n","protected":false},"excerpt":{"rendered":"<p>[vc_row bg_type=\u00a0\u00bbbg_color\u00a0\u00bb bg_override=\u00a0\u00bbex-full\u00a0\u00bb css=\u00a0\u00bb.vc_custom_1426675527276{padding-top: 60px !important;padding-bottom: 60px !important;}\u00a0\u00bb bg_color_value=\u00a0\u00bb#ffffff\u00a0\u00bb][vc_column width=\u00a0\u00bb1\/2&Prime; css=\u00a0\u00bb.vc_custom_1468913058396{padding-right: 15px !important;padding-left: 15px !important;}\u00a0\u00bb][vc_custom_heading text=\u00a0\u00bbVotre Mariage de R\u00eave\u00a0\u00bb font_container=\u00a0\u00bbtag:h2|text_align:left|color:%23b12852&Prime;&#8230;<\/p>\n","protected":false},"author":1,"featured_media":0,"parent":0,"menu_order":0,"comment_status":"closed","ping_status":"closed","template":"","meta":{"footnotes":""},"class_list":["post-1952","page","type-page","status-publish","hentry"],"_links":{"self":[{"href":"https:\/\/www.chateaumondesir.mu\/fr\/wp-json\/wp\/v2\/pages\/1952","targetHints":{"allow":["GET"]}}],"collection":[{"href":"https:\/\/www.chateaumondesir.mu\/fr\/wp-json\/wp\/v2\/pages"}],"about":[{"href":"https:\/\/www.chateaumondesir.mu\/fr\/wp-json\/wp\/v2\/types\/page"}],"author":[{"embeddable":true,"href":"https:\/\/www.chateaumondesir.mu\/fr\/wp-json\/wp\/v2\/users\/1"}],"replies":[{"embeddable":true,"href":"https:\/\/www.chateaumondesir.mu\/fr\/wp-json\/wp\/v2\/comments?post=1952"}],"version-history":[{"count":3,"href":"https:\/\/www.chateaumondesir.mu\/fr\/wp-json\/wp\/v2\/pages\/1952\/revisions"}],"predecessor-version":[{"id":3199,"href":"https:\/\/www.chateaumondesir.mu\/fr\/wp-json\/wp\/v2\/pages\/1952\/revisions\/3199"}],"wp:attachment":[{"href":"https:\/\/www.chateaumondesir.mu\/fr\/wp-json\/wp\/v2\/media?parent=1952"}],"curies":[{"name":"wp","href":"https:\/\/api.w.org\/{rel}","templated":true}]}}