            {"id":1935,"date":"2016-07-05T13:25:28","date_gmt":"2016-07-05T11:25:28","guid":{"rendered":"http:\/\/www.chateaumondesir.mu\/cuisine\/?lang=fr"},"modified":"2024-02-19T07:49:18","modified_gmt":"2024-02-19T06:49:18","slug":"cuisine","status":"publish","type":"page","link":"https:\/\/www.chateaumondesir.mu\/fr\/cuisine\/","title":{"rendered":"La Cuisine"},"content":{"rendered":"<p>[vc_row bg_type=\u00a0\u00bbbg_color\u00a0\u00bb bg_override=\u00a0\u00bbex-full\u00a0\u00bb css=\u00a0\u00bb.vc_custom_1426675527276{padding-top: 60px !important;padding-bottom: 60px !important;}\u00a0\u00bb bg_color_value=\u00a0\u00bb#ffffff\u00a0\u00bb][vc_column width=\u00a0\u00bb1\/2&Prime; css=\u00a0\u00bb.vc_custom_1468913587029{margin-bottom: 15px !important;padding-right: 15px !important;padding-left: 15px !important;}\u00a0\u00bb][vc_column_text]Appr\u00e9ciez\u00a0 une cuisine gastronomique de renomm\u00e9e internationale dans un cadre tropical et historique mariant harmonieusement les \u00e9l\u00e9ments classiques et traditionnels de la cuisine fran\u00e7aise avec une touche mauricienne, ce depuis plus de 25 ans.<\/p>\n<p>Reconnu comme \u2018Meilleur Cuisine Gastronomique de l&rsquo;\u00eele Maurice\u2019 lors des prestigieux \u2018World Awards Luxury Restaurant \u00a0Awards&rsquo;, le Ch\u00e2teau Mon D\u00e9sir se voit \u00e9galement r\u00e9compens\u00e9 chaque ann\u00e9e par un \u00a0\u2018Certificat d&rsquo;Excellence \u2019 du c\u00e9l\u00e8bre portail d\u2019avis de voyageurs TripAdvisor.<\/p>\n<p>Le Ch\u00e2teau Mon D\u00e9sir offre \u00e0 ses h\u00f4tes une cuisine gastronomique avec des sp\u00e9cialit\u00e9s internationales, fran\u00e7aises, mais aussi de l\u2019oc\u00e9an Indien. Appr\u00e9ciez les \u00a0ingr\u00e9dients les plus raffin\u00e9s combin\u00e9s avec un service attentionn\u00e9 dans un cadre \u00e9l\u00e9gant et enchanteur.[\/vc_column_text][\/vc_column][vc_column width=\u00a0\u00bb1\/2&Prime; css=\u00a0\u00bb.vc_custom_1468913595984{padding-right: 15px !important;padding-left: 15px !important;}\u00a0\u00bb]<div id=\"ult-carousel-17723153769d559fae26c3\" class=\"ult-carousel-wrapper   ult_horizontal\" data-gutter=\"15\" data-rtl=\"false\" ><div class=\"ult-carousel-132662329069d559fae2506 \" >[vc_single_image image=\u00a0\u00bb1690&Prime; img_size=\u00a0\u00bbfull\u00a0\u00bb][vc_single_image image=\u00a0\u00bb1693&Prime; img_size=\u00a0\u00bbfull\u00a0\u00bb][vc_single_image image=\u00a0\u00bb1692&Prime; img_size=\u00a0\u00bbfull\u00a0\u00bb][vc_single_image image=\u00a0\u00bb1691&Prime; img_size=\u00a0\u00bbfull\u00a0\u00bb]<\/div><\/div>            <script type=\"text\/javascript\">\n\t\t\t\tjQuery(document).ready(function($){\n               \t\t$('.ult-carousel-132662329069d559fae2506').slick({dots: false,autoplay: true,autoplaySpeed: 5000,speed: 2500,infinite: true,arrows: false,slidesToScroll:1,slidesToShow:1,swipe: true,draggable: true,touchMove: true,responsive: [\n\t\t\t\t\t\t\t{\n\t\t\t\t\t\t\t  breakpoint: 1025,\n\t\t\t\t\t\t\t  settings: {\n\t\t\t\t\t\t\t\tslidesToShow: 1,\n\t\t\t\t\t\t\t\tslidesToScroll: 1,  \n\t\t\t\t\t\t\t  }\n\t\t\t\t\t\t\t},\n\t\t\t\t\t\t\t{\n\t\t\t\t\t\t\t  breakpoint: 769,\n\t\t\t\t\t\t\t  settings: {\n\t\t\t\t\t\t\t\tslidesToShow: 1,\n\t\t\t\t\t\t\t\tslidesToScroll: 1\n\t\t\t\t\t\t\t  }\n\t\t\t\t\t\t\t},\n\t\t\t\t\t\t\t{\n\t\t\t\t\t\t\t  breakpoint: 481,\n\t\t\t\t\t\t\t  settings: {\n\t\t\t\t\t\t\t\tslidesToShow: 1,\n\t\t\t\t\t\t\t\tslidesToScroll: 1\n\t\t\t\t\t\t\t  }\n\t\t\t\t\t\t\t}\n\t\t\t\t\t\t],pauseOnHover: true,\n\t\t\t\t\t\tpauseOnDotsHover: true,customPaging: function(slider, i) {\n                   return '<i type=\"button\" style=\"color:#333333;\" class=\"ultsl-record\" data-role=\"none\"><\/i>';\n                },});\n\t\t\t\t});\n\t\t\t<\/script>\n            [\/vc_column][\/vc_row][vc_row full_width=\u00a0\u00bbstretch_row\u00a0\u00bb content_placement=\u00a0\u00bbmiddle\u00a0\u00bb parallax=\u00a0\u00bbcontent-moving\u00a0\u00bb parallax_image=\u00a0\u00bb1431&Prime; parallax_speed_bg=\u00a0\u00bb1&Prime; bg_type=\u00a0\u00bbimage\u00a0\u00bb parallax_style=\u00a0\u00bbvcpb-default\u00a0\u00bb bg_image_new=\u00a0\u00bbid^1429|url^http:\/\/www.chateaumondesir.mu\/wp-content\/uploads\/2016\/07\/banner-romarain-3.jpg|caption^null|alt^null|title^banner-romarain-3|description^null\u00a0\u00bb][vc_column el_class=\u00a0\u00bbmenu-wine-pdf\u00a0\u00bb][vc_row_inner content_placement=\u00a0\u00bbmiddle\u00a0\u00bb][vc_column_inner]<div class=\"ult-spacer spacer-69d559fae2731\" data-id=\"69d559fae2731\" data-height=\"50\" data-height-mobile=\"50\" data-height-tab=\"50\" data-height-tab-portrait=\"\" data-height-mobile-landscape=\"\" style=\"clear:both;display:block;\"><\/div>[vc_icon icon_fontawesome=\u00a0\u00bbfa fa-download\u00a0\u00bb color=\u00a0\u00bbwhite\u00a0\u00bb background_style=\u00a0\u00bbrounded-outline\u00a0\u00bb background_color=\u00a0\u00bbwhite\u00a0\u00bb align=\u00a0\u00bbcenter\u00a0\u00bb link=\u00a0\u00bburl:http%3A%2F%2Fwww.chateaumondesir.mu%2Fwp-content%2Fuploads%2F2024%2F02%2F001-CMDMENU_FRE.pdf||target:%20_blank\u00a0\u00bb][vc_column_text]<strong><a style=\"font-size: 29px; color: #ffffff; font-weight: 200;\" href=\"http:\/\/www.chateaumondesir.mu\/wp-content\/uploads\/2021\/07\/002-CMD_ALC-MENU_FR-02.06.21.pdf\" target=\"_blank\" rel=\"noopener noreferrer\">Consultez le menu<\/a><\/strong>[\/vc_column_text]<div class=\"ult-spacer spacer-69d559fae274f\" data-id=\"69d559fae274f\" data-height=\"50\" data-height-mobile=\"50\" data-height-tab=\"50\" data-height-tab-portrait=\"\" data-height-mobile-landscape=\"\" style=\"clear:both;display:block;\"><\/div>[\/vc_column_inner][\/vc_row_inner][\/vc_column][\/vc_row]<\/p>\n","protected":false},"excerpt":{"rendered":"<p>[vc_row bg_type=\u00a0\u00bbbg_color\u00a0\u00bb bg_override=\u00a0\u00bbex-full\u00a0\u00bb css=\u00a0\u00bb.vc_custom_1426675527276{padding-top: 60px !important;padding-bottom: 60px !important;}\u00a0\u00bb bg_color_value=\u00a0\u00bb#ffffff\u00a0\u00bb][vc_column width=\u00a0\u00bb1\/2&Prime; css=\u00a0\u00bb.vc_custom_1468913587029{margin-bottom: 15px !important;padding-right: 15px !important;padding-left: 15px !important;}\u00a0\u00bb][vc_column_text]Appr\u00e9ciez\u00a0 une cuisine gastronomique&#8230;<\/p>\n","protected":false},"author":1,"featured_media":0,"parent":0,"menu_order":0,"comment_status":"closed","ping_status":"closed","template":"","meta":{"footnotes":""},"class_list":["post-1935","page","type-page","status-publish","hentry"],"_links":{"self":[{"href":"https:\/\/www.chateaumondesir.mu\/fr\/wp-json\/wp\/v2\/pages\/1935","targetHints":{"allow":["GET"]}}],"collection":[{"href":"https:\/\/www.chateaumondesir.mu\/fr\/wp-json\/wp\/v2\/pages"}],"about":[{"href":"https:\/\/www.chateaumondesir.mu\/fr\/wp-json\/wp\/v2\/types\/page"}],"author":[{"embeddable":true,"href":"https:\/\/www.chateaumondesir.mu\/fr\/wp-json\/wp\/v2\/users\/1"}],"replies":[{"embeddable":true,"href":"https:\/\/www.chateaumondesir.mu\/fr\/wp-json\/wp\/v2\/comments?post=1935"}],"version-history":[{"count":12,"href":"https:\/\/www.chateaumondesir.mu\/fr\/wp-json\/wp\/v2\/pages\/1935\/revisions"}],"predecessor-version":[{"id":3393,"href":"https:\/\/www.chateaumondesir.mu\/fr\/wp-json\/wp\/v2\/pages\/1935\/revisions\/3393"}],"wp:attachment":[{"href":"https:\/\/www.chateaumondesir.mu\/fr\/wp-json\/wp\/v2\/media?parent=1935"}],"curies":[{"name":"wp","href":"https:\/\/api.w.org\/{rel}","templated":true}]}}