            {"id":1932,"date":"2015-03-18T10:33:15","date_gmt":"2015-03-18T10:33:15","guid":{"rendered":"http:\/\/www.chateaumondesir.mu\/restaurant\/?lang=fr"},"modified":"2023-05-23T13:21:27","modified_gmt":"2023-05-23T11:21:27","slug":"restaurant","status":"publish","type":"page","link":"https:\/\/www.chateaumondesir.mu\/fr\/restaurant\/","title":{"rendered":"Le Restaurant"},"content":{"rendered":"<p>[vc_row bg_type=\u00a0\u00bbbg_color\u00a0\u00bb bg_override=\u00a0\u00bbex-full\u00a0\u00bb css=\u00a0\u00bb.vc_custom_1426675527276{padding-top: 60px !important;padding-bottom: 60px !important;}\u00a0\u00bb bg_color_value=\u00a0\u00bb#ffffff\u00a0\u00bb][vc_column width=\u00a0\u00bb1\/2&Prime; css=\u00a0\u00bb.vc_custom_1468909717345{margin-bottom: 15px !important;padding-right: 15px !important;padding-left: 15px !important;}\u00a0\u00bb][vc_column_text]<strong>Quand Gastronomie rime avec Histoire !<\/strong><\/p>\n<p>Situ\u00e9 dans une demeure de style colonial, le restaurant Ch\u00e2teau Mon D\u00e9sir est reconnu comme meilleure table gastronomique de l&rsquo;\u00eele Maurice. R\u00e9guli\u00e8rement honor\u00e9 du \u2018Certificat d&rsquo;Excellence\u2019 du c\u00e9l\u00e8bre portail d\u2019avis de voyageurs \u2018TripAdvisor\u2019, il a \u00e9galement \u00e9t\u00e9 \u00e9lu \u2018Meilleur Cuisine Gastronomique\u2019 de Maurice par les prestigieux &lsquo;World Luxury Restaurants Awards&rsquo;.<\/p>\n<p>Surplombant les \u2018Ruines Historiques de Balaclava\u2019 datant du 18\u00e8me si\u00e8cle et la rivi\u00e8re Citron, le Ch\u00e2teau Mon D\u00e9sir se niche au c\u0153ur des 25 hectares de l&rsquo;h\u00f4tel 5 \u00e9toiles Maritim Resort &amp; Spa Mauritius. Ce restaurant \u00e0 la carte est l&rsquo;endroit id\u00e9al pour savourer une gastronomie internationale o\u00f9 \u00e9l\u00e9ments classiques et influences modernes de la cuisine fran\u00e7aise se m\u00e9langent avec une touche mauricienne &#8230;[\/vc_column_text][\/vc_column][vc_column width=\u00a0\u00bb1\/2&Prime; css=\u00a0\u00bb.vc_custom_1468909961346{padding-bottom: 0px !important;}\u00a0\u00bb]<div id=\"ult-carousel-164865463769da1fff14695\" class=\"ult-carousel-wrapper  vc_custom_1602142548492  ult_horizontal\" data-gutter=\"15\" data-rtl=\"false\" ><div class=\"ult-carousel-80034304669da1fff144d7 \" >[vc_single_image image=\u00a0\u00bb2418&Prime; img_size=\u00a0\u00bbfull\u00a0\u00bb][vc_single_image image=\u00a0\u00bb2419&Prime; img_size=\u00a0\u00bbfull\u00a0\u00bb][vc_single_image image=\u00a0\u00bb2420&Prime; img_size=\u00a0\u00bbfull\u00a0\u00bb][vc_single_image image=\u00a0\u00bb1682&Prime; img_size=\u00a0\u00bbfull\u00a0\u00bb]<\/div><\/div>            <script type=\"text\/javascript\">\n\t\t\t\tjQuery(document).ready(function($){\n               \t\t$('.ult-carousel-80034304669da1fff144d7').slick({dots: false,autoplay: true,autoplaySpeed: 3500,speed: 2500,infinite: true,arrows: true,nextArrow: '<button type=\"button\" style=\"color:#333333; font-size:20px;\" class=\"slick-next default\"><i class=\"ultsl-arrow-right4\"><\/i><\/button>',prevArrow: '<button type=\"button\" style=\"color:#333333; font-size:20px;\" class=\"slick-prev default\"><i class=\"ultsl-arrow-left4\"><\/i><\/button>',slidesToScroll:1,slidesToShow:1,swipe: true,draggable: true,touchMove: true,responsive: [\n\t\t\t\t\t\t\t{\n\t\t\t\t\t\t\t  breakpoint: 1025,\n\t\t\t\t\t\t\t  settings: {\n\t\t\t\t\t\t\t\tslidesToShow: 1,\n\t\t\t\t\t\t\t\tslidesToScroll: 1,  \n\t\t\t\t\t\t\t  }\n\t\t\t\t\t\t\t},\n\t\t\t\t\t\t\t{\n\t\t\t\t\t\t\t  breakpoint: 769,\n\t\t\t\t\t\t\t  settings: {\n\t\t\t\t\t\t\t\tslidesToShow: 1,\n\t\t\t\t\t\t\t\tslidesToScroll: 1\n\t\t\t\t\t\t\t  }\n\t\t\t\t\t\t\t},\n\t\t\t\t\t\t\t{\n\t\t\t\t\t\t\t  breakpoint: 481,\n\t\t\t\t\t\t\t  settings: {\n\t\t\t\t\t\t\t\tslidesToShow: 1,\n\t\t\t\t\t\t\t\tslidesToScroll: 1\n\t\t\t\t\t\t\t  }\n\t\t\t\t\t\t\t}\n\t\t\t\t\t\t],pauseOnHover: true,\n\t\t\t\t\t\tpauseOnDotsHover: true,customPaging: function(slider, i) {\n                   return '<i type=\"button\" style=\"color:#333333;\" class=\"ultsl-record\" data-role=\"none\"><\/i>';\n                },});\n\t\t\t\t});\n\t\t\t<\/script>\n            [\/vc_column][\/vc_row][vc_row full_width=\u00a0\u00bbstretch_row\u00a0\u00bb content_placement=\u00a0\u00bbmiddle\u00a0\u00bb bg_type=\u00a0\u00bbimage\u00a0\u00bb parallax_style=\u00a0\u00bbvcpb-default\u00a0\u00bb bg_image_new=\u00a0\u00bbid^1688|url^http:\/\/www.chateaumondesir.mu\/wp-content\/uploads\/2015\/03\/aerial-view-1.jpg|caption^null|alt^null|title^aerial-view|description^null\u00a0\u00bb bg_image_repeat=\u00a0\u00bbno-repeat\u00a0\u00bb bg_image_posiiton=\u00a0\u00bbcenter\u00a0\u00bb bg_override=\u00a0\u00bbex-full\u00a0\u00bb][vc_column]<div class=\"ult-spacer spacer-69da1fff1470e\" data-id=\"69da1fff1470e\" data-height=\"150\" data-height-mobile=\"50\" data-height-tab=\"50\" data-height-tab-portrait=\"150\" data-height-mobile-landscape=\"25\" style=\"clear:both;display:block;\"><\/div>[vc_row_inner][vc_column_inner]<div id=\"ult-carousel-151937130269da1fff14749\" class=\"ult-carousel-wrapper   ult_full_width\" data-gutter=\"15\" data-rtl=\"false\" ><div class=\"ult-carousel-180554770969da1fff14736 \" ><div class=\"ult-item-wrap\" data-animation=\"animated no-animation\"><div class=\"stm-testimonial\"><p>Merci pour la d\u00e9licieuse cuisine que j\u2019ai appr\u00e9ci\u00e9e. J\u2019ai \u00e9t\u00e9 impressionn\u00e9 par le service \u00e9l\u00e9gant et professionnel de ce restaurant.<\/p>\n<div class=\"author\">Ban Ki \u2013 moon, Secr\u00e9taire G\u00e9n\u00e9ral de l'ONU<\/div><\/div><\/div><div class=\"ult-item-wrap\" data-animation=\"animated no-animation\"><div class=\"stm-testimonial\"><p>Sensationnellement bon.<\/p>\n<div class=\"author\">- Mr &amp; Mme Walter<\/div><\/div><\/div><div class=\"ult-item-wrap\" data-animation=\"animated no-animation\"><div class=\"stm-testimonial\"><p>Excellent brunch et service.<\/p>\n<div class=\"author\">- Mr &amp; Mme Wales<\/div><\/div><\/div><div class=\"ult-item-wrap\" data-animation=\"animated no-animation\"><div class=\"stm-testimonial\"><p>Excellent service, plats d\u00e9licieux, service remarquable.<\/p>\n<div class=\"author\">Stephie &amp; Robert<\/div><\/div><\/div><\/div><\/div>            <script type=\"text\/javascript\">\n\t\t\t\tjQuery(document).ready(function($){\n               \t\t$('.ult-carousel-180554770969da1fff14736').slick({dots: true,autoplay: true,autoplaySpeed: 5000,speed: 2500,infinite: true,arrows: false,slidesToScroll:1,slidesToShow:1,swipe: true,draggable: true,touchMove: true,responsive: [\n\t\t\t\t\t\t\t{\n\t\t\t\t\t\t\t  breakpoint: 1025,\n\t\t\t\t\t\t\t  settings: {\n\t\t\t\t\t\t\t\tslidesToShow: 1,\n\t\t\t\t\t\t\t\tslidesToScroll: 1,  \n\t\t\t\t\t\t\t  }\n\t\t\t\t\t\t\t},\n\t\t\t\t\t\t\t{\n\t\t\t\t\t\t\t  breakpoint: 769,\n\t\t\t\t\t\t\t  settings: {\n\t\t\t\t\t\t\t\tslidesToShow: 1,\n\t\t\t\t\t\t\t\tslidesToScroll: 1\n\t\t\t\t\t\t\t  }\n\t\t\t\t\t\t\t},\n\t\t\t\t\t\t\t{\n\t\t\t\t\t\t\t  breakpoint: 481,\n\t\t\t\t\t\t\t  settings: {\n\t\t\t\t\t\t\t\tslidesToShow: 1,\n\t\t\t\t\t\t\t\tslidesToScroll: 1\n\t\t\t\t\t\t\t  }\n\t\t\t\t\t\t\t}\n\t\t\t\t\t\t],pauseOnHover: true,\n\t\t\t\t\t\tpauseOnDotsHover: true,customPaging: function(slider, i) {\n                   return '<i type=\"button\" style=\"color:#ffffff;\" class=\"ultsl-record\" data-role=\"none\"><\/i>';\n                },});\n\t\t\t\t});\n\t\t\t<\/script>\n            [\/vc_column_inner][\/vc_row_inner]<div class=\"ult-spacer spacer-69da1fff149ce\" data-id=\"69da1fff149ce\" data-height=\"150\" data-height-mobile=\"50\" data-height-tab=\"50\" data-height-tab-portrait=\"150\" data-height-mobile-landscape=\"25\" style=\"clear:both;display:block;\"><\/div>[\/vc_column][\/vc_row][vc_row bg_type=\u00a0\u00bbbg_color\u00a0\u00bb bg_override=\u00a0\u00bbex-full\u00a0\u00bb css=\u00a0\u00bb.vc_custom_1426675527276{padding-top: 60px !important;padding-bottom: 60px !important;}\u00a0\u00bb bg_color_value=\u00a0\u00bb#ffffff\u00a0\u00bb][vc_column width=\u00a0\u00bb1\/2&Prime; css=\u00a0\u00bb.vc_custom_1468909900468{margin-bottom: 15px !important;padding-right: 15px !important;padding-left: 15px !important;}\u00a0\u00bb][vc_single_image image=\u00a0\u00bb1683&Prime; img_size=\u00a0\u00bbfull\u00a0\u00bb alignment=\u00a0\u00bbcenter\u00a0\u00bb][\/vc_column][vc_column width=\u00a0\u00bb1\/2&Prime; css=\u00a0\u00bb.vc_custom_1468907836210{padding-right: 15px !important;padding-left: 15px !important;}\u00a0\u00bb][vc_column_text]Savourez une cuisine exquise compos\u00e9e de sp\u00e9cialit\u00e9s internationales, fran\u00e7aises, mais aussi de l\u2019oc\u00e9an Indien ainsi que des vins de classe mondiale de sa cave \u00e0 vin.<\/p>\n<blockquote><p>Heures d\u2019ouverture:<\/p>\n<ul>\n<li>Ouvert certains jours pour le d\u00eener de 19h00 \u00e0 22h00<\/li>\n<li>Ouvert tous les premiers samedis du mois pour le High Tea de 15h00 \u00e0 17h00<\/li>\n<li>Ouvert tous les dimanches pour le brunch de 11h00 \u00e0 14h00<\/li>\n<\/ul>\n<\/blockquote>\n<p>[\/vc_column_text][vc_column_text]Code vestimentaire: \u00e9l\u00e9gant<br \/>\nDes chaussures classiques et chemises \u00e0 col sont requises pour les messieurs. Les jeans et chaussures de sport n\u2019y sont pas autoris\u00e9s.[\/vc_column_text][\/vc_column][\/vc_row][vc_row][vc_column]<div class=\"ult-spacer spacer-69da1fff149e5\" data-id=\"69da1fff149e5\" data-height=\"35\" data-height-mobile=\"35\" data-height-tab=\"35\" data-height-tab-portrait=\"\" data-height-mobile-landscape=\"\" style=\"clear:both;display:block;\"><\/div>[\/vc_column][\/vc_row]<\/p>\n","protected":false},"excerpt":{"rendered":"<p>[vc_row bg_type=\u00a0\u00bbbg_color\u00a0\u00bb bg_override=\u00a0\u00bbex-full\u00a0\u00bb css=\u00a0\u00bb.vc_custom_1426675527276{padding-top: 60px !important;padding-bottom: 60px !important;}\u00a0\u00bb bg_color_value=\u00a0\u00bb#ffffff\u00a0\u00bb][vc_column width=\u00a0\u00bb1\/2&Prime; css=\u00a0\u00bb.vc_custom_1468909717345{margin-bottom: 15px !important;padding-right: 15px !important;padding-left: 15px !important;}\u00a0\u00bb][vc_column_text]Quand Gastronomie rime avec&#8230;<\/p>\n","protected":false},"author":1,"featured_media":0,"parent":0,"menu_order":0,"comment_status":"closed","ping_status":"closed","template":"","meta":{"footnotes":""},"class_list":["post-1932","page","type-page","status-publish","hentry"],"_links":{"self":[{"href":"https:\/\/www.chateaumondesir.mu\/fr\/wp-json\/wp\/v2\/pages\/1932","targetHints":{"allow":["GET"]}}],"collection":[{"href":"https:\/\/www.chateaumondesir.mu\/fr\/wp-json\/wp\/v2\/pages"}],"about":[{"href":"https:\/\/www.chateaumondesir.mu\/fr\/wp-json\/wp\/v2\/types\/page"}],"author":[{"embeddable":true,"href":"https:\/\/www.chateaumondesir.mu\/fr\/wp-json\/wp\/v2\/users\/1"}],"replies":[{"embeddable":true,"href":"https:\/\/www.chateaumondesir.mu\/fr\/wp-json\/wp\/v2\/comments?post=1932"}],"version-history":[{"count":17,"href":"https:\/\/www.chateaumondesir.mu\/fr\/wp-json\/wp\/v2\/pages\/1932\/revisions"}],"predecessor-version":[{"id":3365,"href":"https:\/\/www.chateaumondesir.mu\/fr\/wp-json\/wp\/v2\/pages\/1932\/revisions\/3365"}],"wp:attachment":[{"href":"https:\/\/www.chateaumondesir.mu\/fr\/wp-json\/wp\/v2\/media?parent=1932"}],"curies":[{"name":"wp","href":"https:\/\/api.w.org\/{rel}","templated":true}]}}