            {"id":2054,"date":"2016-07-27T08:40:19","date_gmt":"2016-07-27T06:40:19","guid":{"rendered":"http:\/\/www.chateaumondesir.mu\/de\/your-events\/"},"modified":"2016-10-26T13:23:06","modified_gmt":"2016-10-26T11:23:06","slug":"ihre-veranstaltungen","status":"publish","type":"page","link":"https:\/\/www.chateaumondesir.mu\/de\/ihre-veranstaltungen\/","title":{"rendered":"IHRE VERANSTALTUNGEN"},"content":{"rendered":"<p>[vc_row bg_type=&#8220;bg_color&#8220; bg_override=&#8220;ex-full&#8220; css=&#8220;.vc_custom_1426675527276{padding-top: 60px !important;padding-bottom: 60px !important;}&#8220; bg_color_value=&#8220;#ffffff&#8220;][vc_column width=&#8220;1\/2&#8243; css=&#8220;.vc_custom_1468913058396{padding-right: 15px !important;padding-left: 15px !important;}&#8220;][vc_custom_heading text=&#8220;Der feinste Veranstaltungsort von Mauritius &#8220; font_container=&#8220;tag:h2|text_align:left|color:%23b12852&#8243; google_fonts=&#8220;font_family:Roboto%20Slab%3A100%2C300%2Cregular%2C700|font_style:300%20light%20regular%3A300%3Anormal&#8220; stm_sep_icon_size=&#8220;30&#8243;]<div class=\"ult-spacer spacer-69d5776439a57\" data-id=\"69d5776439a57\" data-height=\"25\" data-height-mobile=\"25\" data-height-tab=\"25\" data-height-tab-portrait=\"25\" data-height-mobile-landscape=\"25\" style=\"clear:both;display:block;\"><\/div>[vc_column_text css=&#8220;.vc_custom_1476352936514{padding-top: 20px !important;padding-right: 20px !important;padding-bottom: 20px !important;padding-left: 20px !important;background-color: #b12852 !important;}&#8220;]<\/p>\n<p style=\"color: #fff; line-height: 27px; font-size: 17px;\">Die \u201eCh\u00e2teau Mon D\u00e9sir\u201c biete vielf\u00e4ltige Veranstaltungseinrichtungen und eine atemberaubende Kulisse f\u00fcr alle Arten gesch\u00e4ftlicher oder privater Veranstaltungen.<\/p>\n<p>[\/vc_column_text][\/vc_column][vc_column width=&#8220;1\/2&#8243; css=&#8220;.vc_custom_1468913063696{padding-right: 15px !important;padding-left: 15px !important;}&#8220;][vc_single_image image=&#8220;1671&#8243; img_size=&#8220;full&#8220; alignment=&#8220;center&#8220;][\/vc_column][\/vc_row][vc_row bg_type=&#8220;bg_color&#8220; bg_override=&#8220;ex-full&#8220; bg_color_value=&#8220;#ffffff&#8220;][vc_column][layerslider_vc id=&#8220;10&#8243;][\/vc_column][\/vc_row][vc_row bg_type=&#8220;bg_color&#8220; bg_override=&#8220;ex-full&#8220; css=&#8220;.vc_custom_1426675527276{padding-top: 60px !important;padding-bottom: 60px !important;}&#8220; bg_color_value=&#8220;#ffffff&#8220;][vc_column width=&#8220;1\/2&#8243; css=&#8220;.vc_custom_1468913076862{padding-right: 15px !important;padding-left: 15px !important;}&#8220;][vc_custom_heading text=&#8220;Bitte kontaktieren Sie uns&#8220; font_container=&#8220;tag:h2|text_align:left|color:%23b12852&#8243; google_fonts=&#8220;font_family:Roboto%20Slab%3A100%2C300%2Cregular%2C700|font_style:300%20light%20regular%3A300%3Anormal&#8220; stm_sep_icon_size=&#8220;30&#8243;]<div class=\"ult-spacer spacer-69d5776439a8c\" data-id=\"69d5776439a8c\" data-height=\"25\" data-height-mobile=\"25\" data-height-tab=\"25\" data-height-tab-portrait=\"25\" data-height-mobile-landscape=\"25\" style=\"clear:both;display:block;\"><\/div>[vc_column_text]Bitte stellen Sie Ihre Anfragen f\u00fcr Veranstaltungen oder Besichtigungen. Unser Banqueting Team freut sich, Ihren pers\u00f6nlichen Traum oder professionellen Anforderungen zu erf\u00fcllen.[\/vc_column_text]<div class=\"ult-spacer spacer-69d5776439aaa\" data-id=\"69d5776439aaa\" data-height=\"22\" data-height-mobile=\"22\" data-height-tab=\"22\" data-height-tab-portrait=\"\" data-height-mobile-landscape=\"\" style=\"clear:both;display:block;\"><\/div><div class=\"aio-icon-component    style_1\"><div id=\"Info-box-wrap-1276\" class=\"aio-icon-box default-icon\" style=\"\"  ><div class=\"aio-icon-default\"><div class=\"ult-just-icon-wrapper  \"><div class=\"align-icon\" style=\"text-align:center;\">\n<div class=\"aio-icon none \"  style=\"color:#333;font-size:32px;display:inline-block;\">\n\t<i class=\"Defaults-envelope-o\"><\/i>\n<\/div><\/div><\/div><\/div><div class=\"aio-icon-header\" ><h3 class=\"aio-icon-title ult-responsive\"  data-ultimate-target='#Info-box-wrap-1276 .aio-icon-title'  data-responsive-json-new='{\"font-size\":\"\",\"line-height\":\"\"}'  style=\"font-style:italic;font-weight:normal;\">Informationsanfrage<\/h3><\/div> <!-- header --><div class=\"aio-icon-description ult-responsive\"  data-ultimate-target='#Info-box-wrap-1276 .aio-icon-description'  data-responsive-json-new='{\"font-size\":\"\",\"line-height\":\"\"}'  style=\"\">Bitte kontaktieren Sie uns:<a href=\"mailto:meeting.mau@maritim.com \">meeting.mau@maritim.com<\/a><\/div> <!-- description --><\/div> <!-- aio-icon-box --><\/div> <!-- aio-icon-component -->[\/vc_column][vc_column width=&#8220;1\/2&#8243; css=&#8220;.vc_custom_1468913081698{padding-right: 15px !important;padding-left: 15px !important;}&#8220;][vc_single_image image=&#8220;1672&#8243; img_size=&#8220;full&#8220; alignment=&#8220;center&#8220;][\/vc_column][\/vc_row]<\/p>\n","protected":false},"excerpt":{"rendered":"<p>[vc_row bg_type=&#8220;bg_color&#8220; bg_override=&#8220;ex-full&#8220; css=&#8220;.vc_custom_1426675527276{padding-top: 60px !important;padding-bottom: 60px !important;}&#8220; bg_color_value=&#8220;#ffffff&#8220;][vc_column width=&#8220;1\/2&#8243; css=&#8220;.vc_custom_1468913058396{padding-right: 15px !important;padding-left: 15px !important;}&#8220;][vc_custom_heading text=&#8220;Der feinste Veranstaltungsort von Mauritius&#8230;<\/p>\n","protected":false},"author":1,"featured_media":0,"parent":0,"menu_order":0,"comment_status":"closed","ping_status":"closed","template":"","meta":{"footnotes":""},"class_list":["post-2054","page","type-page","status-publish","hentry"],"_links":{"self":[{"href":"https:\/\/www.chateaumondesir.mu\/de\/wp-json\/wp\/v2\/pages\/2054","targetHints":{"allow":["GET"]}}],"collection":[{"href":"https:\/\/www.chateaumondesir.mu\/de\/wp-json\/wp\/v2\/pages"}],"about":[{"href":"https:\/\/www.chateaumondesir.mu\/de\/wp-json\/wp\/v2\/types\/page"}],"author":[{"embeddable":true,"href":"https:\/\/www.chateaumondesir.mu\/de\/wp-json\/wp\/v2\/users\/1"}],"replies":[{"embeddable":true,"href":"https:\/\/www.chateaumondesir.mu\/de\/wp-json\/wp\/v2\/comments?post=2054"}],"version-history":[{"count":4,"href":"https:\/\/www.chateaumondesir.mu\/de\/wp-json\/wp\/v2\/pages\/2054\/revisions"}],"predecessor-version":[{"id":2079,"href":"https:\/\/www.chateaumondesir.mu\/de\/wp-json\/wp\/v2\/pages\/2054\/revisions\/2079"}],"wp:attachment":[{"href":"https:\/\/www.chateaumondesir.mu\/de\/wp-json\/wp\/v2\/media?parent=2054"}],"curies":[{"name":"wp","href":"https:\/\/api.w.org\/{rel}","templated":true}]}}