            {"id":2045,"date":"2016-07-27T11:27:01","date_gmt":"2016-07-27T09:27:01","guid":{"rendered":"http:\/\/www.chateaumondesir.mu\/de\/festivals\/"},"modified":"2017-05-19T08:47:53","modified_gmt":"2017-05-19T06:47:53","slug":"festivals","status":"publish","type":"page","link":"https:\/\/www.chateaumondesir.mu\/de\/festivals\/","title":{"rendered":"Festivals"},"content":{"rendered":"<p>[vc_row bg_type=&#8220;bg_color&#8220; bg_override=&#8220;ex-full&#8220; css=&#8220;.vc_custom_1426675527276{padding-top: 60px !important;padding-bottom: 60px !important;}&#8220; bg_color_value=&#8220;#ffffff&#8220;][vc_column width=&#8220;2\/3&#8243; css=&#8220;.vc_custom_1471947793797{padding-right: 15px !important;padding-left: 15px !important;}&#8220; offset=&#8220;vc_col-lg-offset-2&#8243;][vc_column_text]<\/p>\n<p style=\"text-align: center;\">Das Ch\u00e2teau beherbergt eine F\u00fclle exklusiver kulinarischer Festivals \u00fcber das ganze Jahr!<br \/>\nDer beste Ort f\u00fcr au\u00dfergew\u00f6hnliche Gourmetfeiern in einem kolonialen Flair\u2026<\/p>\n<p>[\/vc_column_text][\/vc_column][\/vc_row][vc_row bg_type=&#8220;bg_color&#8220; bg_override=&#8220;ex-full&#8220; css=&#8220;.vc_custom_1426675527276{padding-top: 60px !important;padding-bottom: 60px !important;}&#8220; bg_color_value=&#8220;#ffffff&#8220;][vc_column width=&#8220;1\/2&#8243; css=&#8220;.vc_custom_1468913063696{padding-right: 15px !important;padding-left: 15px !important;}&#8220;][vc_single_image image=&#8220;2247&#8243; img_size=&#8220;full&#8220; alignment=&#8220;center&#8220;][\/vc_column][vc_column width=&#8220;1\/2&#8243; css=&#8220;.vc_custom_1468913058396{padding-right: 15px !important;padding-left: 15px !important;}&#8220;][vc_custom_heading text=&#8220;Mother&#8217;s Day Brunch&#8220; font_container=&#8220;tag:h2|text_align:left|color:%23b12852&#8243; google_fonts=&#8220;font_family:Roboto%20Slab%3A100%2C300%2Cregular%2C700|font_style:300%20light%20regular%3A300%3Anormal&#8220; stm_sep_icon_size=&#8220;30&#8243;][vc_custom_heading text=&#8220;&#8220; font_container=&#8220;tag:h2|text_align:left|color:%23b12852&#8243; google_fonts=&#8220;font_family:Roboto%20Slab%3A100%2C300%2Cregular%2C700|font_style:300%20light%20regular%3A300%3Anormal&#8220; stm_sep_icon_size=&#8220;30&#8243;]<div class=\"ult-spacer spacer-69d8358cb2559\" data-id=\"69d8358cb2559\" data-height=\"25\" data-height-mobile=\"25\" data-height-tab=\"25\" data-height-tab-portrait=\"25\" data-height-mobile-landscape=\"25\" style=\"clear:both;display:block;\"><\/div>[vc_column_text]Treat your mum to a luscious Sunday Brunch in the most exquisite colonial setting of the Ch\u00e2teau Mon D\u00e9sir.<\/p>\n<p><strong>\u00a0<\/strong><a href=\"http:\/\/www.chateaumondesir.mu\/wp-content\/uploads\/2016\/07\/MOTHER-DAY-BRUNCH.pdf\">Download the PDF<\/a><\/p>\n<p><a href=\"http:\/\/www.chateaumondesir.mu\/wp-content\/uploads\/2016\/07\/Mothers-Day-Brunch-Menu.pdf\">Download the Menu<\/a>[\/vc_column_text][\/vc_column][\/vc_row][vc_row bg_type=&#8220;bg_color&#8220; bg_override=&#8220;ex-full&#8220; css=&#8220;.vc_custom_1426675527276{padding-top: 60px !important;padding-bottom: 60px !important;}&#8220; bg_color_value=&#8220;#ffffff&#8220;][vc_column width=&#8220;1\/2&#8243; css=&#8220;.vc_custom_1468913058396{padding-right: 15px !important;padding-left: 15px !important;}&#8220;][vc_custom_heading text=&#8220;Easter Family Brunch&#8220; font_container=&#8220;tag:h2|text_align:left|color:%23b12852&#8243; google_fonts=&#8220;font_family:Roboto%20Slab%3A100%2C300%2Cregular%2C700|font_style:300%20light%20regular%3A300%3Anormal&#8220; stm_sep_icon_size=&#8220;30&#8243;]<div class=\"ult-spacer spacer-69d8358cb258b\" data-id=\"69d8358cb258b\" data-height=\"25\" data-height-mobile=\"25\" data-height-tab=\"25\" data-height-tab-portrait=\"25\" data-height-mobile-landscape=\"25\" style=\"clear:both;display:block;\"><\/div>[vc_column_text]Celebrate Easter with your family in the enchanting setting of Ch\u00e2teau Mon D\u00e9sir with an array of the best iconic brunch favorites &amp; special kids activities!<\/p>\n<p><a href=\"http:\/\/www.chateaumondesir.mu\/wp-content\/uploads\/2016\/07\/Easter-Family-Brunch.pdf\">Download the PDF<\/a><\/p>\n<p><a href=\"http:\/\/www.chateaumondesir.mu\/wp-content\/uploads\/2016\/07\/Easter-Family-Brunch-Menu.pdf\">Download the Menu<\/a>[\/vc_column_text][\/vc_column][vc_column width=&#8220;1\/2&#8243; css=&#8220;.vc_custom_1468913063696{padding-right: 15px !important;padding-left: 15px !important;}&#8220;][vc_single_image image=&#8220;2229&#8243; img_size=&#8220;full&#8220; alignment=&#8220;center&#8220;][\/vc_column][\/vc_row][vc_row bg_type=&#8220;bg_color&#8220; bg_override=&#8220;ex-full&#8220; css=&#8220;.vc_custom_1426675527276{padding-top: 60px !important;padding-bottom: 60px !important;}&#8220; bg_color_value=&#8220;#ffffff&#8220;][vc_column width=&#8220;1\/2&#8243; css=&#8220;.vc_custom_1468913058396{padding-right: 15px !important;padding-left: 15px !important;}&#8220;][vc_custom_heading text=&#8220;Gourmet Days by Marcello Trentini!&#8220; font_container=&#8220;tag:h2|text_align:left|color:%23b12852&#8243; google_fonts=&#8220;font_family:Roboto%20Slab%3A100%2C300%2Cregular%2C700|font_style:300%20light%20regular%3A300%3Anormal&#8220; stm_sep_icon_size=&#8220;30&#8243;]<div class=\"ult-spacer spacer-69d8358cb25aa\" data-id=\"69d8358cb25aa\" data-height=\"25\" data-height-mobile=\"25\" data-height-tab=\"25\" data-height-tab-portrait=\"25\" data-height-mobile-landscape=\"25\" style=\"clear:both;display:block;\"><\/div>[vc_column_text]Join us at Ch\u00e2teau Mon D\u00e9sir to celebrate the French gastronomy together with 2000 Chefs around 5 continents! A unique gourmet tasting menu including classics of the French cuisine, listed by UNESCO, will be proposed by Chef Rakesh Munoruth &amp; his brigade.<\/p>\n<p><a href=\"http:\/\/www.chateaumondesir.mu\/wp-content\/uploads\/2016\/07\/2017-02-28-GOUT-DE-FRANCE-CMD.pdf\">Download the PDF<\/a><\/p>\n<p><a href=\"http:\/\/www.chateaumondesir.mu\/wp-content\/uploads\/2016\/07\/MENU-EN.pdf\">Download the Menu<\/a>[\/vc_column_text][\/vc_column][vc_column width=&#8220;1\/2&#8243; css=&#8220;.vc_custom_1468913063696{padding-right: 15px !important;padding-left: 15px !important;}&#8220;][vc_single_image image=&#8220;2206&#8243; img_size=&#8220;full&#8220; alignment=&#8220;center&#8220;][\/vc_column][\/vc_row][vc_row bg_type=&#8220;bg_color&#8220; bg_override=&#8220;ex-full&#8220; css=&#8220;.vc_custom_1426675527276{padding-top: 60px !important;padding-bottom: 60px !important;}&#8220; bg_color_value=&#8220;#ffffff&#8220;][vc_column width=&#8220;1\/2&#8243; css=&#8220;.vc_custom_1468913063696{padding-right: 15px !important;padding-left: 15px !important;}&#8220;][vc_single_image image=&#8220;2180&#8243; img_size=&#8220;full&#8220; alignment=&#8220;center&#8220;][\/vc_column][vc_column width=&#8220;1\/2&#8243; css=&#8220;.vc_custom_1468913058396{padding-right: 15px !important;padding-left: 15px !important;}&#8220;][vc_custom_heading text=&#8220;Valentine&#8217;s Gourmet Dinner&#8220; font_container=&#8220;tag:h2|text_align:left|color:%23b12852&#8243; google_fonts=&#8220;font_family:Roboto%20Slab%3A100%2C300%2Cregular%2C700|font_style:300%20light%20regular%3A300%3Anormal&#8220; stm_sep_icon_size=&#8220;30&#8243;]<div class=\"ult-spacer spacer-69d8358cb25bf\" data-id=\"69d8358cb25bf\" data-height=\"25\" data-height-mobile=\"25\" data-height-tab=\"25\" data-height-tab-portrait=\"25\" data-height-mobile-landscape=\"25\" style=\"clear:both;display:block;\"><\/div>[vc_column_text]Celebrate Valentine\u2019s Day in style in the exclusive and elegant atmosphere of Ch\u00e2teau Mon D\u00e9sir fine dining restaurant with a sublime signature gourmet dinner carefully prepared by Chef Rakesh Munoruth &amp; his brigade.<\/p>\n<p><a href=\"http:\/\/www.chateaumondesir.mu\/wp-content\/uploads\/2016\/07\/VALENTINES-DINNER-AT-CMD.pdf\">Download the PDF<\/a>[\/vc_column_text][\/vc_column][\/vc_row][vc_row bg_type=&#8220;bg_color&#8220; bg_override=&#8220;ex-full&#8220; css=&#8220;.vc_custom_1426675527276{padding-top: 60px !important;padding-bottom: 60px !important;}&#8220; bg_color_value=&#8220;#ffffff&#8220;][vc_column width=&#8220;1\/2&#8243; css=&#8220;.vc_custom_1468913058396{padding-right: 15px !important;padding-left: 15px !important;}&#8220;][vc_custom_heading text=&#8220;Gourmet Days by Marcello Trentini!&#8220; font_container=&#8220;tag:h2|text_align:left|color:%23b12852&#8243; google_fonts=&#8220;font_family:Roboto%20Slab%3A100%2C300%2Cregular%2C700|font_style:300%20light%20regular%3A300%3Anormal&#8220; stm_sep_icon_size=&#8220;30&#8243;]<div class=\"ult-spacer spacer-69d8358cb25d1\" data-id=\"69d8358cb25d1\" data-height=\"25\" data-height-mobile=\"25\" data-height-tab=\"25\" data-height-tab-portrait=\"25\" data-height-mobile-landscape=\"25\" style=\"clear:both;display:block;\"><\/div>[vc_column_text]Don\u2019t miss the Italian Michelin star Chef, Marcello Trentini, who will be at <a class=\"profileLink\" href=\"https:\/\/www.facebook.com\/chateaumondesir\/\" data-hovercard=\"\/ajax\/hovercard\/page.php?id=356795684408455\" data-hovercard-prefer-more-content-show=\"1\">Ch\u00e2teau Mon D\u00e9sir<\/a> from the 2\/2\/17 to the 5\/2\/17 for 4 exceptional Gourmet Days!<\/p>\n<p><a href=\"http:\/\/www.chateaumondesir.mu\/wp-content\/uploads\/2016\/07\/2017-01-17-ITALIEN-FESTIVAL-TEASER-EMAILING.pdf\">Download the PDF<\/a>[\/vc_column_text][\/vc_column][vc_column width=&#8220;1\/2&#8243; css=&#8220;.vc_custom_1468913063696{padding-right: 15px !important;padding-left: 15px !important;}&#8220;][vc_single_image image=&#8220;2167&#8243; img_size=&#8220;full&#8220; alignment=&#8220;center&#8220;][\/vc_column][\/vc_row][vc_row bg_type=&#8220;bg_color&#8220; bg_override=&#8220;ex-full&#8220; css=&#8220;.vc_custom_1426675527276{padding-top: 60px !important;padding-bottom: 60px !important;}&#8220; bg_color_value=&#8220;#ffffff&#8220;][vc_column width=&#8220;1\/2&#8243; css=&#8220;.vc_custom_1468913063696{padding-right: 15px !important;padding-left: 15px !important;}&#8220;][vc_single_image image=&#8220;2158&#8243; img_size=&#8220;full&#8220; alignment=&#8220;center&#8220;][\/vc_column][vc_column width=&#8220;1\/2&#8243; css=&#8220;.vc_custom_1468913058396{padding-right: 15px !important;padding-left: 15px !important;}&#8220;][vc_custom_heading text=&#8220;Gourmet Turkey To Go&#8220; font_container=&#8220;tag:h2|text_align:left|color:%23b12852&#8243; google_fonts=&#8220;font_family:Roboto%20Slab%3A100%2C300%2Cregular%2C700|font_style:300%20light%20regular%3A300%3Anormal&#8220; stm_sep_icon_size=&#8220;30&#8243;]<div class=\"ult-spacer spacer-69d8358cb25e3\" data-id=\"69d8358cb25e3\" data-height=\"25\" data-height-mobile=\"25\" data-height-tab=\"25\" data-height-tab-portrait=\"25\" data-height-mobile-landscape=\"25\" style=\"clear:both;display:block;\"><\/div>[vc_column_text]Treat your family with a classic gourmet turkey cooked for you by our Chefs\u2026 for an unforgettable Christmas and infinite culinary memories.<\/p>\n<p><a href=\"http:\/\/www.chateaumondesir.mu\/wp-content\/uploads\/2016\/07\/2016-11-01-CHRISTMAS-GOURMET-TURKEY-TO-GO-1.pdf\">Download the PDF<\/a><\/p>\n<p>[\/vc_column_text][\/vc_column][\/vc_row][vc_row bg_type=&#8220;bg_color&#8220; bg_override=&#8220;ex-full&#8220; css=&#8220;.vc_custom_1426675527276{padding-top: 60px !important;padding-bottom: 60px !important;}&#8220; bg_color_value=&#8220;#ffffff&#8220;][vc_column width=&#8220;1\/2&#8243; css=&#8220;.vc_custom_1468913058396{padding-right: 15px !important;padding-left: 15px !important;}&#8220;][vc_custom_heading text=&#8220;An Evening of Elegance&#8220; font_container=&#8220;tag:h2|text_align:left|color:%23b12852&#8243; google_fonts=&#8220;font_family:Roboto%20Slab%3A100%2C300%2Cregular%2C700|font_style:300%20light%20regular%3A300%3Anormal&#8220; stm_sep_icon_size=&#8220;30&#8243;]<div class=\"ult-spacer spacer-69d8358cb25f4\" data-id=\"69d8358cb25f4\" data-height=\"25\" data-height-mobile=\"25\" data-height-tab=\"25\" data-height-tab-portrait=\"25\" data-height-mobile-landscape=\"25\" style=\"clear:both;display:block;\"><\/div>[vc_column_text]Celebrate New Year\u2019s Eve in style in the exclusive and elegant atmosphere of Ch\u00e2teau Mon D\u00e9sir fine dining restaurant with a sublime signature gourmet dinner.<\/p>\n<p><a href=\"http:\/\/www.chateaumondesir.mu\/wp-content\/uploads\/2016\/07\/2016-11-01-AN-EVENING-OF-ELEGANCE-NEW-YEARSS-EVE.pdf\">Download the PDF<\/a><\/p>\n<p>[\/vc_column_text][\/vc_column][vc_column width=&#8220;1\/2&#8243; css=&#8220;.vc_custom_1468913063696{padding-right: 15px !important;padding-left: 15px !important;}&#8220;][vc_single_image image=&#8220;2153&#8243; img_size=&#8220;full&#8220; alignment=&#8220;center&#8220;][\/vc_column][\/vc_row][vc_row bg_type=&#8220;bg_color&#8220; bg_override=&#8220;ex-full&#8220; css=&#8220;.vc_custom_1426675527276{padding-top: 60px !important;padding-bottom: 60px !important;}&#8220; bg_color_value=&#8220;#ffffff&#8220;][vc_column width=&#8220;1\/2&#8243; css=&#8220;.vc_custom_1468913063696{padding-right: 15px !important;padding-left: 15px !important;}&#8220;][vc_single_image image=&#8220;1835&#8243; img_size=&#8220;full&#8220; alignment=&#8220;center&#8220;][\/vc_column][vc_column width=&#8220;1\/2&#8243; css=&#8220;.vc_custom_1468913058396{padding-right: 15px !important;padding-left: 15px !important;}&#8220;][vc_custom_heading text=&#8220;Go\u00fbt de France&#8220; font_container=&#8220;tag:h2|text_align:left|color:%23b12852&#8243; google_fonts=&#8220;font_family:Roboto%20Slab%3A100%2C300%2Cregular%2C700|font_style:300%20light%20regular%3A300%3Anormal&#8220; stm_sep_icon_size=&#8220;30&#8243;]<div class=\"ult-spacer spacer-69d8358cb2604\" data-id=\"69d8358cb2604\" data-height=\"25\" data-height-mobile=\"25\" data-height-tab=\"25\" data-height-tab-portrait=\"25\" data-height-mobile-landscape=\"25\" style=\"clear:both;display:block;\"><\/div>[vc_column_text]Dieses weltweite kulinarische Event, gesponsert von Alain Ducasse, feiert die franz\u00f6sische Gastronomie in 150 Restaurants weltweit. An diesem Abend bereiten mehr als 1.000 K\u00fcchenchefs rund um den Globus ein einzigartiges Gourmet-Abendessen im franz\u00f6sischen Stil. Der K\u00fcchenchef des Ch\u00e2teau Mon D\u00e9sir Rakesh Munoruth und sein Team werden Sie mit einem einzigartigen Tasting-Men\u00fc und von der UNESCO gef\u00fchrten Klassikern der franz\u00f6sischen Gastronomie begeistern.<\/p>\n<p><a href=\"\/wp-content\/uploads\/2016\/08\/CMD-EVENT-2016-GOUT-DE-FRANCE.pdf\" target=\"_blank\" rel=\"noopener noreferrer\">PDF-Datei zum Download<\/a>[\/vc_column_text][\/vc_column][\/vc_row][vc_row bg_type=&#8220;bg_color&#8220; bg_override=&#8220;ex-full&#8220; css=&#8220;.vc_custom_1426675527276{padding-top: 60px !important;padding-bottom: 60px !important;}&#8220; bg_color_value=&#8220;#ffffff&#8220;][vc_column width=&#8220;1\/2&#8243; css=&#8220;.vc_custom_1468913058396{padding-right: 15px !important;padding-left: 15px !important;}&#8220;][vc_custom_heading text=&#8220;Toskana und Tr\u00fcffel Festival&#8220; font_container=&#8220;tag:h2|text_align:left|color:%23b12852&#8243; google_fonts=&#8220;font_family:Roboto%20Slab%3A100%2C300%2Cregular%2C700|font_style:300%20light%20regular%3A300%3Anormal&#8220; stm_sep_icon_size=&#8220;30&#8243;]<div class=\"ult-spacer spacer-69d8358cb2614\" data-id=\"69d8358cb2614\" data-height=\"25\" data-height-mobile=\"25\" data-height-tab=\"25\" data-height-tab-portrait=\"25\" data-height-mobile-landscape=\"25\" style=\"clear:both;display:block;\"><\/div>[vc_column_text]Verw\u00f6hnen Sie Ihren Gaumen mit den raffinierten K\u00f6stlichkeiten der Toskana und Tr\u00fcffeln, die K\u00fcchenchef Rakesh Munoruth und sein Team sorgf\u00e4ltig zubereiten.<\/p>\n<p>Reservierungen \u00fcber meeting.mau@maritim.com oder 204 1000<\/p>\n<p><a href=\"http:\/\/www.chateaumondesir.mu\/wp-content\/uploads\/2016\/07\/2016-09-08-TUSCANY-FESTIVAL.pdf\">Weitere Einzelheiten<\/a><\/p>\n<p><a href=\"http:\/\/www.chateaumondesir.mu\/wp-content\/uploads\/2016\/09\/2016-09-08-TUSCANY-FESTIVAL-MENU.pdf\">Die Speisekarte<\/a>[\/vc_column_text][\/vc_column][vc_column width=&#8220;1\/2&#8243; css=&#8220;.vc_custom_1468913063696{padding-right: 15px !important;padding-left: 15px !important;}&#8220;][vc_single_image image=&#8220;1908&#8243; img_size=&#8220;full&#8220; alignment=&#8220;center&#8220;][\/vc_column][\/vc_row][vc_row bg_type=&#8220;bg_color&#8220; bg_override=&#8220;ex-full&#8220; css=&#8220;.vc_custom_1426675527276{padding-top: 60px !important;padding-bottom: 60px !important;}&#8220; bg_color_value=&#8220;#ffffff&#8220;][vc_column width=&#8220;1\/2&#8243; css=&#8220;.vc_custom_1468913063696{padding-right: 15px !important;padding-left: 15px !important;}&#8220;][vc_single_image image=&#8220;1835&#8243; img_size=&#8220;full&#8220; alignment=&#8220;center&#8220;][\/vc_column][vc_column width=&#8220;1\/2&#8243; css=&#8220;.vc_custom_1468913058396{padding-right: 15px !important;padding-left: 15px !important;}&#8220;][vc_custom_heading text=&#8220;Go\u00fbt de France&#8220; font_container=&#8220;tag:h2|text_align:left|color:%23b12852&#8243; google_fonts=&#8220;font_family:Roboto%20Slab%3A100%2C300%2Cregular%2C700|font_style:300%20light%20regular%3A300%3Anormal&#8220; stm_sep_icon_size=&#8220;30&#8243;]<div class=\"ult-spacer spacer-69d8358cb2624\" data-id=\"69d8358cb2624\" data-height=\"25\" data-height-mobile=\"25\" data-height-tab=\"25\" data-height-tab-portrait=\"25\" data-height-mobile-landscape=\"25\" style=\"clear:both;display:block;\"><\/div>[vc_column_text]Dieses weltweite kulinarische Event, gesponsert von Alain Ducasse, feiert die franz\u00f6sische Gastronomie in 150 Restaurants weltweit. An diesem Abend bereiten mehr als 1.000 K\u00fcchenchefs rund um den Globus ein einzigartiges Gourmet-Abendessen im franz\u00f6sischen Stil. Der K\u00fcchenchef des Ch\u00e2teau Mon D\u00e9sir Rakesh Munoruth und sein Team werden Sie mit einem einzigartigen Tasting-Men\u00fc und von der UNESCO gef\u00fchrten Klassikern der franz\u00f6sischen Gastronomie begeistern.<\/p>\n<p><a href=\"\/wp-content\/uploads\/2016\/08\/CMD-EVENT-2016-GOUT-DE-FRANCE.pdf\" target=\"_blank\" rel=\"noopener noreferrer\">PDF-Datei zum Download<\/a>[\/vc_column_text][\/vc_column][\/vc_row][vc_row bg_type=&#8220;bg_color&#8220; bg_override=&#8220;ex-full&#8220; css=&#8220;.vc_custom_1426675527276{padding-top: 60px !important;padding-bottom: 60px !important;}&#8220; bg_color_value=&#8220;#ffffff&#8220;][vc_column width=&#8220;1\/2&#8243; css=&#8220;.vc_custom_1468913058396{padding-right: 15px !important;padding-left: 15px !important;}&#8220;][vc_custom_heading text=&#8220;Rum Festival&#8220; font_container=&#8220;tag:h2|text_align:left|color:%23b12852&#8243; google_fonts=&#8220;font_family:Roboto%20Slab%3A100%2C300%2Cregular%2C700|font_style:300%20light%20regular%3A300%3Anormal&#8220; stm_sep_icon_size=&#8220;30&#8243;]<div class=\"ult-spacer spacer-69d8358cb2632\" data-id=\"69d8358cb2632\" data-height=\"25\" data-height-mobile=\"25\" data-height-tab=\"25\" data-height-tab-portrait=\"25\" data-height-mobile-landscape=\"25\" style=\"clear:both;display:block;\"><\/div>[vc_column_text]Das exklusive Rum-Men\u00fc erzeugen K\u00fcchenchef Rakesh Munoruth und sein Team, abgestimmt auf diesen mehrfach ausgezeichneten Premium-Rum\u2026 Die perfekte Mischung der feinsten Aromen von Mauritius mit exquisiten Noten roter tropischer Fr\u00fcchte und ger\u00f6steter N\u00fcsse.<\/p>\n<p><a href=\"\/wp-content\/uploads\/2016\/08\/CMD-RUM-FESTIVAL.pdf\" target=\"_blank\" rel=\"noopener noreferrer\">PDF-Datei zum Download<\/a>[\/vc_column_text][\/vc_column][vc_column width=&#8220;1\/2&#8243; css=&#8220;.vc_custom_1468913063696{padding-right: 15px !important;padding-left: 15px !important;}&#8220;][vc_single_image image=&#8220;1837&#8243; img_size=&#8220;full&#8220; alignment=&#8220;center&#8220;][\/vc_column][\/vc_row][vc_row bg_type=&#8220;bg_color&#8220; bg_override=&#8220;ex-full&#8220; css=&#8220;.vc_custom_1426675527276{padding-top: 60px !important;padding-bottom: 60px !important;}&#8220; bg_color_value=&#8220;#ffffff&#8220;][vc_column width=&#8220;1\/2&#8243; css=&#8220;.vc_custom_1468913063696{padding-right: 15px !important;padding-left: 15px !important;}&#8220;][vc_single_image image=&#8220;1836&#8243; img_size=&#8220;full&#8220; alignment=&#8220;center&#8220;][\/vc_column][vc_column width=&#8220;1\/2&#8243; css=&#8220;.vc_custom_1468913058396{padding-right: 15px !important;padding-left: 15px !important;}&#8220;][vc_custom_heading text=&#8220;Gourmet-Tage von Harald Wohlfahrt&#8220; font_container=&#8220;tag:h2|text_align:left|color:%23b12852&#8243; google_fonts=&#8220;font_family:Roboto%20Slab%3A100%2C300%2Cregular%2C700|font_style:300%20light%20regular%3A300%3Anormal&#8220; stm_sep_icon_size=&#8220;30&#8243;]<div class=\"ult-spacer spacer-69d8358cb2640\" data-id=\"69d8358cb2640\" data-height=\"25\" data-height-mobile=\"25\" data-height-tab=\"25\" data-height-tab-portrait=\"25\" data-height-mobile-landscape=\"25\" style=\"clear:both;display:block;\"><\/div>[vc_column_text]Das Maritim Resort &amp; Spa Mauritius und sein Fine Dining Restaurant Ch\u00e2teau Mon D\u00e9sir genie\u00dfen erneut das Privileg, f\u00fcr 4 au\u00dfergew\u00f6hnliche Tage im Zeichen der Kulinarik einen der Top-K\u00fcchenchefs der Welt zu begr\u00fc\u00dfen, den K\u00fcchenchef Harald Wohlfahrt, der mit 3 Michelin-Sternen ausgezeichnet wurde.<\/p>\n<p><a href=\"\/wp-content\/uploads\/2016\/08\/Harald-Wohlfahrt-Gourmet-Days-at-Ch\u00e2teau-Mon-D\u00e9sir.pdf\" target=\"_blank\" rel=\"noopener noreferrer\">PDF-Datei zum Download<\/a>[\/vc_column_text][\/vc_column][\/vc_row]<\/p>\n","protected":false},"excerpt":{"rendered":"<p>[vc_row bg_type=&#8220;bg_color&#8220; bg_override=&#8220;ex-full&#8220; css=&#8220;.vc_custom_1426675527276{padding-top: 60px !important;padding-bottom: 60px !important;}&#8220; bg_color_value=&#8220;#ffffff&#8220;][vc_column width=&#8220;2\/3&#8243; css=&#8220;.vc_custom_1471947793797{padding-right: 15px !important;padding-left: 15px !important;}&#8220; offset=&#8220;vc_col-lg-offset-2&#8243;][vc_column_text] Das Ch\u00e2teau beherbergt eine&#8230;<\/p>\n","protected":false},"author":1,"featured_media":0,"parent":0,"menu_order":0,"comment_status":"closed","ping_status":"closed","template":"","meta":{"footnotes":""},"class_list":["post-2045","page","type-page","status-publish","hentry"],"_links":{"self":[{"href":"https:\/\/www.chateaumondesir.mu\/de\/wp-json\/wp\/v2\/pages\/2045","targetHints":{"allow":["GET"]}}],"collection":[{"href":"https:\/\/www.chateaumondesir.mu\/de\/wp-json\/wp\/v2\/pages"}],"about":[{"href":"https:\/\/www.chateaumondesir.mu\/de\/wp-json\/wp\/v2\/types\/page"}],"author":[{"embeddable":true,"href":"https:\/\/www.chateaumondesir.mu\/de\/wp-json\/wp\/v2\/users\/1"}],"replies":[{"embeddable":true,"href":"https:\/\/www.chateaumondesir.mu\/de\/wp-json\/wp\/v2\/comments?post=2045"}],"version-history":[{"count":10,"href":"https:\/\/www.chateaumondesir.mu\/de\/wp-json\/wp\/v2\/pages\/2045\/revisions"}],"predecessor-version":[{"id":2257,"href":"https:\/\/www.chateaumondesir.mu\/de\/wp-json\/wp\/v2\/pages\/2045\/revisions\/2257"}],"wp:attachment":[{"href":"https:\/\/www.chateaumondesir.mu\/de\/wp-json\/wp\/v2\/media?parent=2045"}],"curies":[{"name":"wp","href":"https:\/\/api.w.org\/{rel}","templated":true}]}}