            {"id":2026,"date":"2016-07-05T13:28:14","date_gmt":"2016-07-05T11:28:14","guid":{"rendered":"http:\/\/www.chateaumondesir.mu\/de\/wines\/"},"modified":"2017-02-27T07:02:13","modified_gmt":"2017-02-27T06:02:13","slug":"weine","status":"publish","type":"page","link":"https:\/\/www.chateaumondesir.mu\/de\/weine\/","title":{"rendered":"WEINE"},"content":{"rendered":"<p>[vc_row bg_type=&#8220;bg_color&#8220; bg_override=&#8220;full&#8220; bg_color_value=&#8220;#ffffff&#8220;][vc_column]<div class=\"ult-spacer spacer-69d84fc3a07c5\" data-id=\"69d84fc3a07c5\" data-height=\"55\" data-height-mobile=\"55\" data-height-tab=\"55\" data-height-tab-portrait=\"\" data-height-mobile-landscape=\"\" style=\"clear:both;display:block;\"><\/div>[vc_row_inner][vc_column_inner width=&#8220;1\/2&#8243; css=&#8220;.vc_custom_1468917591931{padding-right: 15px !important;padding-left: 15px !important;}&#8220;][vc_column_text]Die Farbe, der Duft, der Geschmack, die Grandeur des \u00d6ffnens und Genie\u00dfens einer guten Flasche Wein ist ein wunderbares Erlebnis\u2026<\/p>\n<p>Unser Sommelier empfiehlt Ihnen gern den passenden Tropfen aus der beachtlichen Auswahl von Weltklasseweinen und Champagner aus unserem Weinkeller. Das Ch\u00e2teau Mon D\u00e9sir erhielt die Auszeichnung \u201eCaveau de Sabrage\u201c der franz\u00f6sischen \u201eConfr\u00e9rie du Sabre d\u2019Or\u201c und pr\u00e4sentiert seinen G\u00e4sten die Kunst des Champagne Sabrage!<\/p>\n<p>Bei Ihrer Auswahl von Weinen aus der alten oder der neuen Welt k\u00f6nnen Sie Vortrefflichkeit erwarten. Wir kredenzen die exklusivsten Tropfen sorgf\u00e4ltig ausgew\u00e4hlter Top-Weing\u00fcter der Welt.[\/vc_column_text][\/vc_column_inner][vc_column_inner width=&#8220;1\/2&#8243;]<div id=\"ult-carousel-96732709069d84fc3a095a\" class=\"ult-carousel-wrapper  vc_custom_1469018696046  ult_horizontal\" data-gutter=\"15\" data-rtl=\"false\" ><div class=\"ult-carousel-187494460669d84fc3a07fb \" >[vc_single_image image=&#8220;1697&#8243; img_size=&#8220;full&#8220;][vc_single_image image=&#8220;1696&#8243; img_size=&#8220;full&#8220; css_animation=&#8220;left-to-right&#8220;][vc_single_image image=&#8220;1695&#8243; img_size=&#8220;full&#8220;][vc_single_image image=&#8220;1698&#8243; img_size=&#8220;full&#8220;]<\/div><\/div>            <script type=\"text\/javascript\">\n\t\t\t\tjQuery(document).ready(function($){\n               \t\t$('.ult-carousel-187494460669d84fc3a07fb').slick({dots: false,autoplay: true,autoplaySpeed: 5000,speed: 2500,infinite: true,arrows: false,slidesToScroll:1,slidesToShow:1,swipe: true,draggable: true,touchMove: true,responsive: [\n\t\t\t\t\t\t\t{\n\t\t\t\t\t\t\t  breakpoint: 1025,\n\t\t\t\t\t\t\t  settings: {\n\t\t\t\t\t\t\t\tslidesToShow: 1,\n\t\t\t\t\t\t\t\tslidesToScroll: 1,  \n\t\t\t\t\t\t\t  }\n\t\t\t\t\t\t\t},\n\t\t\t\t\t\t\t{\n\t\t\t\t\t\t\t  breakpoint: 769,\n\t\t\t\t\t\t\t  settings: {\n\t\t\t\t\t\t\t\tslidesToShow: 1,\n\t\t\t\t\t\t\t\tslidesToScroll: 1\n\t\t\t\t\t\t\t  }\n\t\t\t\t\t\t\t},\n\t\t\t\t\t\t\t{\n\t\t\t\t\t\t\t  breakpoint: 481,\n\t\t\t\t\t\t\t  settings: {\n\t\t\t\t\t\t\t\tslidesToShow: 1,\n\t\t\t\t\t\t\t\tslidesToScroll: 1\n\t\t\t\t\t\t\t  }\n\t\t\t\t\t\t\t}\n\t\t\t\t\t\t],pauseOnHover: true,\n\t\t\t\t\t\tpauseOnDotsHover: true,customPaging: function(slider, i) {\n                   return '<i type=\"button\" style=\"color:#333333;\" class=\"ultsl-record\" data-role=\"none\"><\/i>';\n                },});\n\t\t\t\t});\n\t\t\t<\/script>\n            [\/vc_column_inner][\/vc_row_inner]<div class=\"ult-spacer spacer-69d84fc3a099f\" data-id=\"69d84fc3a099f\" data-height=\"55\" data-height-mobile=\"55\" data-height-tab=\"55\" data-height-tab-portrait=\"\" data-height-mobile-landscape=\"\" style=\"clear:both;display:block;\"><\/div>[\/vc_column][\/vc_row][vc_row full_width=&#8220;stretch_row&#8220; content_placement=&#8220;middle&#8220; parallax=&#8220;content-moving&#8220; parallax_image=&#8220;1421&#8243; parallax_speed_bg=&#8220;1&#8243; bg_type=&#8220;image&#8220; parallax_style=&#8220;vcpb-default&#8220; bg_image_new=&#8220;id^1619|url^http:\/\/www.chateaumondesir.mu\/wp-content\/uploads\/2015\/03\/banner-wine2.jpg|caption^null|alt^null|title^banner-wine2|description^null&#8220;][vc_column el_class=&#8220;menu-wine-pdf&#8220;][vc_row_inner content_placement=&#8220;middle&#8220;][vc_column_inner]<div class=\"ult-spacer spacer-69d84fc3a09b3\" data-id=\"69d84fc3a09b3\" data-height=\"50\" data-height-mobile=\"50\" data-height-tab=\"50\" data-height-tab-portrait=\"\" data-height-mobile-landscape=\"\" style=\"clear:both;display:block;\"><\/div>[vc_icon icon_fontawesome=&#8220;fa fa-download&#8220; color=&#8220;white&#8220; background_style=&#8220;rounded-outline&#8220; background_color=&#8220;white&#8220; align=&#8220;center&#8220; link=&#8220;url:http%3A%2F%2Fwww.chateaumondesir.net%2Fwp-content%2Fuploads%2F2017%2F02%2FMAU_CMD_WINE_LIST_2017.pdf||target:%20_blank&#8220;][vc_column_text]<strong><a style=\"font-size: 29px; color: #ffffff; font-weight: 200;\" href=\"http:\/\/www.chateaumondesir.mu\/wp-content\/uploads\/2017\/02\/MAU_CMD_WINE_LIST_2017.pdf\" target=\"_blank\">Die Weinkarte zum Download<\/a><\/strong>[\/vc_column_text]<div class=\"ult-spacer spacer-69d84fc3a09c2\" data-id=\"69d84fc3a09c2\" data-height=\"50\" data-height-mobile=\"50\" data-height-tab=\"50\" data-height-tab-portrait=\"\" data-height-mobile-landscape=\"\" style=\"clear:both;display:block;\"><\/div>[\/vc_column_inner][\/vc_row_inner][\/vc_column][\/vc_row]<\/p>\n","protected":false},"excerpt":{"rendered":"<p>[vc_row bg_type=&#8220;bg_color&#8220; bg_override=&#8220;full&#8220; bg_color_value=&#8220;#ffffff&#8220;][vc_column][vc_row_inner][vc_column_inner width=&#8220;1\/2&#8243; css=&#8220;.vc_custom_1468917591931{padding-right: 15px !important;padding-left: 15px !important;}&#8220;][vc_column_text]Die Farbe, der Duft, der Geschmack, die Grandeur des \u00d6ffnens und&#8230;<\/p>\n","protected":false},"author":1,"featured_media":0,"parent":0,"menu_order":0,"comment_status":"closed","ping_status":"closed","template":"","meta":{"footnotes":""},"class_list":["post-2026","page","type-page","status-publish","hentry"],"_links":{"self":[{"href":"https:\/\/www.chateaumondesir.mu\/de\/wp-json\/wp\/v2\/pages\/2026","targetHints":{"allow":["GET"]}}],"collection":[{"href":"https:\/\/www.chateaumondesir.mu\/de\/wp-json\/wp\/v2\/pages"}],"about":[{"href":"https:\/\/www.chateaumondesir.mu\/de\/wp-json\/wp\/v2\/types\/page"}],"author":[{"embeddable":true,"href":"https:\/\/www.chateaumondesir.mu\/de\/wp-json\/wp\/v2\/users\/1"}],"replies":[{"embeddable":true,"href":"https:\/\/www.chateaumondesir.mu\/de\/wp-json\/wp\/v2\/comments?post=2026"}],"version-history":[{"count":3,"href":"https:\/\/www.chateaumondesir.mu\/de\/wp-json\/wp\/v2\/pages\/2026\/revisions"}],"predecessor-version":[{"id":2200,"href":"https:\/\/www.chateaumondesir.mu\/de\/wp-json\/wp\/v2\/pages\/2026\/revisions\/2200"}],"wp:attachment":[{"href":"https:\/\/www.chateaumondesir.mu\/de\/wp-json\/wp\/v2\/media?parent=2026"}],"curies":[{"name":"wp","href":"https:\/\/api.w.org\/{rel}","templated":true}]}}