            {"id":2023,"date":"2016-07-05T13:27:10","date_gmt":"2016-07-05T11:27:10","guid":{"rendered":"http:\/\/www.chateaumondesir.mu\/de\/chef\/"},"modified":"2019-09-02T16:48:50","modified_gmt":"2019-09-02T14:48:50","slug":"kuechenchef","status":"publish","type":"page","link":"https:\/\/www.chateaumondesir.mu\/de\/kuechenchef\/","title":{"rendered":"K\u00dcCHENCHEF"},"content":{"rendered":"<p>[vc_row bg_type=&#8220;bg_color&#8220; bg_override=&#8220;ex-full&#8220; bg_color_value=&#8220;#ffffff&#8220; css=&#8220;.vc_custom_1468237069278{padding-top: 75px !important;padding-bottom: 71px !important;background-color: #ffffff !important;}&#8220;][vc_column width=&#8220;1\/3&#8243; stm_styles=&#8220;style-1 &#8222;][vc_single_image image=&#8220;2364&#8243; img_size=&#8220;350&#215;524&#8243; stm_single_image_style=&#8220; style-1&#8243;][\/vc_column][vc_column width=&#8220;2\/3&#8243;][vc_row_inner][vc_column_inner]<div class=\"ult-animation  ult-animate-viewport  ult-no-mobile  vc_custom_1468914758606\" data-animate=\"fadeInLeft\" data-animation-delay=\"0\" data-animation-duration=\"1.5\" data-animation-iteration=\"1\" style=\"opacity:0;\" data-opacity_start_effect=\"\"><div class=\"info_box\"><h4>Nallan Seeven <small>K\u00fcchenchef des Ch\u00e2teau Mon D\u00e9sir<\/small><\/h4><div class=\"info-box_separator\"><div class=\"line\"><\/div><\/div><p>Der mauritische K\u00fcchenchef von Ch\u00e2teau Mon D\u00e9sir, Nallan Seeven, verf\u00fcgt \u00fcber eine F\u00fclle von kulinarischen Erfahrungen, die er in den letzten 27 Jahre in der K\u00fcche des Resorts gesammelt hat, 8 Jahre davon im Ch\u00e2teau Mon D\u00e9sir.<\/p>\n<p>Er hat ein Diplom der &#8222;Hotel School of Mauritius&#8220;, wo er K\u00fcchenbetrieb und Managementmethoden erlernte. W\u00e4hrend seiner Karriere im Resort hat er mit zahlreichen renommierten K\u00f6chen wie Frank Mischler und Christian Rougier aus Frankreich zusammengearbeitet. Nallan Seeven hat durch die aktive Teilnahme an Schulungen und Festivals von zahlreichen Michelin-Sternek\u00f6chen zus\u00e4tzliche kulinarische F\u00e4higkeiten erworben.<\/p>\n<\/div><\/div><div class=\"ult-spacer spacer-69da1fe78e101\" data-id=\"69da1fe78e101\" data-height=\"32\" data-height-mobile=\"32\" data-height-tab=\"32\" data-height-tab-portrait=\"32\" data-height-mobile-landscape=\"32\" style=\"clear:both;display:block;\"><\/div>[\/vc_column_inner][\/vc_row_inner][vc_row_inner][vc_column_inner]<div class=\"ult-animation  ult-animate-viewport  ult-no-mobile  vc_custom_1468914753197\" data-animate=\"fadeInLeft\" data-animation-delay=\"1\" data-animation-duration=\"1.5\" data-animation-iteration=\"1\" style=\"opacity:0;\" data-opacity_start_effect=\"\"><div class=\"info_box\"><h4>Seine Leidenschaft<\/h4><div class=\"info-box_separator\"><div class=\"line\"><\/div><\/div><p>Dazu geh\u00f6ren der mit 3 Michelin-Sternen ausgezeichnete deutsche K\u00fcchenchef Harald Wohlfahrt, die italienischen Michelin-Sternek\u00f6che Paolo Cappuccio und Marcello Trentini sowie vor kurzem mit dem spanischen Michelin-Sternekoch Quim Casellas.<\/p>\n<p>Chefkoch Nallan Seeven wird Sie mit erstklassiger Gastronomie begeistern, die das Ch\u00e2teau Mon D\u00e9sir zum renommiertesten Restaurant auf Mauritius gemacht hat.<\/p>\n<\/div><\/div><div class=\"ult-spacer spacer-69da1fe78e16a\" data-id=\"69da1fe78e16a\" data-height=\"32\" data-height-mobile=\"32\" data-height-tab=\"32\" data-height-tab-portrait=\"32\" data-height-mobile-landscape=\"32\" style=\"clear:both;display:block;\"><\/div>[\/vc_column_inner][\/vc_row_inner][\/vc_column][\/vc_row]<\/p>\n","protected":false},"excerpt":{"rendered":"<p>[vc_row bg_type=&#8220;bg_color&#8220; bg_override=&#8220;ex-full&#8220; bg_color_value=&#8220;#ffffff&#8220; css=&#8220;.vc_custom_1468237069278{padding-top: 75px !important;padding-bottom: 71px !important;background-color: #ffffff !important;}&#8220;][vc_column width=&#8220;1\/3&#8243; stm_styles=&#8220;style-1 &#8222;][vc_single_image image=&#8220;2364&#8243; img_size=&#8220;350&#215;524&#8243; stm_single_image_style=&#8220; style-1&#8243;][\/vc_column][vc_column width=&#8220;2\/3&#8243;][vc_row_inner][vc_column_inner][\/vc_column_inner][\/vc_row_inner][vc_row_inner][vc_column_inner][\/vc_column_inner][\/vc_row_inner][\/vc_column][\/vc_row]<\/p>\n","protected":false},"author":1,"featured_media":0,"parent":0,"menu_order":0,"comment_status":"closed","ping_status":"closed","template":"","meta":{"footnotes":""},"class_list":["post-2023","page","type-page","status-publish","hentry"],"_links":{"self":[{"href":"https:\/\/www.chateaumondesir.mu\/de\/wp-json\/wp\/v2\/pages\/2023","targetHints":{"allow":["GET"]}}],"collection":[{"href":"https:\/\/www.chateaumondesir.mu\/de\/wp-json\/wp\/v2\/pages"}],"about":[{"href":"https:\/\/www.chateaumondesir.mu\/de\/wp-json\/wp\/v2\/types\/page"}],"author":[{"embeddable":true,"href":"https:\/\/www.chateaumondesir.mu\/de\/wp-json\/wp\/v2\/users\/1"}],"replies":[{"embeddable":true,"href":"https:\/\/www.chateaumondesir.mu\/de\/wp-json\/wp\/v2\/comments?post=2023"}],"version-history":[{"count":4,"href":"https:\/\/www.chateaumondesir.mu\/de\/wp-json\/wp\/v2\/pages\/2023\/revisions"}],"predecessor-version":[{"id":2369,"href":"https:\/\/www.chateaumondesir.mu\/de\/wp-json\/wp\/v2\/pages\/2023\/revisions\/2369"}],"wp:attachment":[{"href":"https:\/\/www.chateaumondesir.mu\/de\/wp-json\/wp\/v2\/media?parent=2023"}],"curies":[{"name":"wp","href":"https:\/\/api.w.org\/{rel}","templated":true}]}}