            {"id":2018,"date":"2015-03-18T10:33:15","date_gmt":"2015-03-18T10:33:15","guid":{"rendered":"http:\/\/www.chateaumondesir.mu\/de\/restaurant\/"},"modified":"2020-02-06T07:04:56","modified_gmt":"2020-02-06T06:04:56","slug":"restaurant","status":"publish","type":"page","link":"https:\/\/www.chateaumondesir.mu\/de\/restaurant\/","title":{"rendered":"Das Restaurant"},"content":{"rendered":"<p>[vc_row bg_type=&#8220;bg_color&#8220; bg_override=&#8220;ex-full&#8220; css=&#8220;.vc_custom_1426675527276{padding-top: 60px !important;padding-bottom: 60px !important;}&#8220; bg_color_value=&#8220;#ffffff&#8220;][vc_column width=&#8220;1\/2&#8243; css=&#8220;.vc_custom_1468909717345{margin-bottom: 15px !important;padding-right: 15px !important;padding-left: 15px !important;}&#8220;][vc_column_text]<strong>Willkommen in der Welt des Fine Dining mit einem Hauch Geschichte!<\/strong><\/p>\n<p>In einem malerischen Herrenhaus im Kolonialstil gelegen, ist Ch\u00e2teau Mon D\u00e9sir auf Mauritius als herausragende gastronomische Adresse bekannt. Es wird durchgehend mit dem TripAdvisor \u201eCertificate of Excellence\u201c ausgezeichnet und wird ebenso bei den renommierten \u201eWorld Luxury Restaurant Awards \u201c als \u201eBest Fine Dining Cuisine\u201c anerkannt.<\/p>\n<p>Die historischen Ruinen von Balaclava und den Citron River \u00fcberblickend, liegt Ch\u00e2teau Mon D\u00e9sir inmitten des 25 Hektar gro\u00dfen Anwesens des 5-Sterne Maritim Resort &amp; Spa Mauritius. Dieses \u201e\u00e0 la Carte\u201d Fine Dining-Restaurant ist DER Ort, um internationales Fine Dining zu genie\u00dfen \u2013 denn hier verschmelzen klassische Elemente und moderne Einfl\u00fcsse der French Cuisine mit einem Hauch von mauritischem Temperament\u2026[\/vc_column_text][\/vc_column][vc_column width=&#8220;1\/2&#8243; css=&#8220;.vc_custom_1468909961346{padding-bottom: 0px !important;}&#8220;]<div id=\"ult-carousel-210267616369da074cc282b\" class=\"ult-carousel-wrapper  vc_custom_1469014668630  ult_horizontal\" data-gutter=\"15\" data-rtl=\"false\" ><div class=\"ult-carousel-10116880069da074cc264a \" >[vc_single_image image=&#8220;1685&#8243; img_size=&#8220;full&#8220;][vc_single_image image=&#8220;1683&#8243; img_size=&#8220;full&#8220;][vc_single_image image=&#8220;1684&#8243; img_size=&#8220;full&#8220;][vc_single_image image=&#8220;1682&#8243; img_size=&#8220;full&#8220;]<\/div><\/div>            <script type=\"text\/javascript\">\n\t\t\t\tjQuery(document).ready(function($){\n               \t\t$('.ult-carousel-10116880069da074cc264a').slick({dots: false,autoplay: true,autoplaySpeed: 3500,speed: 2500,infinite: true,arrows: false,slidesToScroll:1,slidesToShow:1,swipe: true,draggable: true,touchMove: true,responsive: [\n\t\t\t\t\t\t\t{\n\t\t\t\t\t\t\t  breakpoint: 1025,\n\t\t\t\t\t\t\t  settings: {\n\t\t\t\t\t\t\t\tslidesToShow: 1,\n\t\t\t\t\t\t\t\tslidesToScroll: 1,  \n\t\t\t\t\t\t\t  }\n\t\t\t\t\t\t\t},\n\t\t\t\t\t\t\t{\n\t\t\t\t\t\t\t  breakpoint: 769,\n\t\t\t\t\t\t\t  settings: {\n\t\t\t\t\t\t\t\tslidesToShow: 1,\n\t\t\t\t\t\t\t\tslidesToScroll: 1\n\t\t\t\t\t\t\t  }\n\t\t\t\t\t\t\t},\n\t\t\t\t\t\t\t{\n\t\t\t\t\t\t\t  breakpoint: 481,\n\t\t\t\t\t\t\t  settings: {\n\t\t\t\t\t\t\t\tslidesToShow: 1,\n\t\t\t\t\t\t\t\tslidesToScroll: 1\n\t\t\t\t\t\t\t  }\n\t\t\t\t\t\t\t}\n\t\t\t\t\t\t],pauseOnHover: true,\n\t\t\t\t\t\tpauseOnDotsHover: true,customPaging: function(slider, i) {\n                   return '<i type=\"button\" style=\"color:#333333;\" class=\"ultsl-record\" data-role=\"none\"><\/i>';\n                },});\n\t\t\t\t});\n\t\t\t<\/script>\n            [\/vc_column][\/vc_row][vc_row full_width=&#8220;stretch_row&#8220; content_placement=&#8220;middle&#8220; bg_type=&#8220;image&#8220; parallax_style=&#8220;vcpb-default&#8220; bg_image_new=&#8220;id^1688|url^http:\/\/www.chateaumondesir.mu\/wp-content\/uploads\/2015\/03\/aerial-view-1.jpg|caption^null|alt^null|title^aerial-view|description^null&#8220; bg_image_repeat=&#8220;no-repeat&#8220; bg_image_posiiton=&#8220;center&#8220; bg_override=&#8220;ex-full&#8220;][vc_column]<div class=\"ult-spacer spacer-69da074cc286f\" data-id=\"69da074cc286f\" data-height=\"150\" data-height-mobile=\"50\" data-height-tab=\"50\" data-height-tab-portrait=\"150\" data-height-mobile-landscape=\"25\" style=\"clear:both;display:block;\"><\/div>[vc_row_inner][vc_column_inner]<div id=\"ult-carousel-36655108069da074cc2891\" class=\"ult-carousel-wrapper   ult_full_width\" data-gutter=\"15\" data-rtl=\"false\" ><div class=\"ult-carousel-29947656369da074cc288a \" ><div class=\"ult-item-wrap\" data-animation=\"animated no-animation\"><div class=\"stm-testimonial\"><p>Ihre k\u00f6stlichen Speisen waren ein hoher Genuss. Vielen Dank. Der elegante und professionelle Service dieses Restaurants ist beeindruckend.<\/p>\n<div class=\"author\">- UN-Generalsekret\u00e4r Ban Ki-moon<\/div><\/div><\/div><div class=\"ult-item-wrap\" data-animation=\"animated no-animation\"><div class=\"stm-testimonial\"><p>Eine Geschmackssensation.<\/p>\n<div class=\"author\">- Frau und Herr Walter<\/div><\/div><\/div><div class=\"ult-item-wrap\" data-animation=\"animated no-animation\"><div class=\"stm-testimonial\"><p>Exzellenter Brunch, gro\u00dfartiger Service.<\/p>\n<div class=\"author\">- Eheleute Wales<\/div><\/div><\/div><div class=\"ult-item-wrap\" data-animation=\"animated no-animation\"><div class=\"stm-testimonial\"><p>Gro\u00dfartiger Service, k\u00f6stliche Speisen, erstaunlicher Service<\/p>\n<div class=\"author\">Stephie und Robert<\/div><\/div><\/div><\/div><\/div>            <script type=\"text\/javascript\">\n\t\t\t\tjQuery(document).ready(function($){\n               \t\t$('.ult-carousel-29947656369da074cc288a').slick({dots: true,autoplay: true,autoplaySpeed: 5000,speed: 2500,infinite: true,arrows: false,slidesToScroll:1,slidesToShow:1,swipe: true,draggable: true,touchMove: true,responsive: [\n\t\t\t\t\t\t\t{\n\t\t\t\t\t\t\t  breakpoint: 1025,\n\t\t\t\t\t\t\t  settings: {\n\t\t\t\t\t\t\t\tslidesToShow: 1,\n\t\t\t\t\t\t\t\tslidesToScroll: 1,  \n\t\t\t\t\t\t\t  }\n\t\t\t\t\t\t\t},\n\t\t\t\t\t\t\t{\n\t\t\t\t\t\t\t  breakpoint: 769,\n\t\t\t\t\t\t\t  settings: {\n\t\t\t\t\t\t\t\tslidesToShow: 1,\n\t\t\t\t\t\t\t\tslidesToScroll: 1\n\t\t\t\t\t\t\t  }\n\t\t\t\t\t\t\t},\n\t\t\t\t\t\t\t{\n\t\t\t\t\t\t\t  breakpoint: 481,\n\t\t\t\t\t\t\t  settings: {\n\t\t\t\t\t\t\t\tslidesToShow: 1,\n\t\t\t\t\t\t\t\tslidesToScroll: 1\n\t\t\t\t\t\t\t  }\n\t\t\t\t\t\t\t}\n\t\t\t\t\t\t],pauseOnHover: true,\n\t\t\t\t\t\tpauseOnDotsHover: true,customPaging: function(slider, i) {\n                   return '<i type=\"button\" style=\"color:#ffffff;\" class=\"ultsl-record\" data-role=\"none\"><\/i>';\n                },});\n\t\t\t\t});\n\t\t\t<\/script>\n            [\/vc_column_inner][\/vc_row_inner]<div class=\"ult-spacer spacer-69da074cc2a14\" data-id=\"69da074cc2a14\" data-height=\"150\" data-height-mobile=\"50\" data-height-tab=\"50\" data-height-tab-portrait=\"150\" data-height-mobile-landscape=\"25\" style=\"clear:both;display:block;\"><\/div>[\/vc_column][\/vc_row][vc_row bg_type=&#8220;bg_color&#8220; bg_override=&#8220;ex-full&#8220; css=&#8220;.vc_custom_1426675527276{padding-top: 60px !important;padding-bottom: 60px !important;}&#8220; bg_color_value=&#8220;#ffffff&#8220;][vc_column width=&#8220;1\/2&#8243; css=&#8220;.vc_custom_1468909900468{margin-bottom: 15px !important;padding-right: 15px !important;padding-left: 15px !important;}&#8220;][vc_single_image image=&#8220;1683&#8243; img_size=&#8220;full&#8220; alignment=&#8220;center&#8220;][\/vc_column][vc_column width=&#8220;1\/2&#8243; css=&#8220;.vc_custom_1468907836210{padding-right: 15px !important;padding-left: 15px !important;}&#8220;][vc_column_text]Genie\u00dfen Sie internationale Spezialit\u00e4ten der Extraklasse, sowohl Delikatessen aus Frankreich und vom Indischen Ozean, als auch Weine von Weltrang aus dem hauseigenen Weinkeller. Erleben Sie Fine Dining im \u201eCh\u00e2teau Mon D\u00e9sir\u201c &amp; verw\u00f6hnen Sie Ihren Gaumen!<\/p>\n<blockquote><p>\u00d6ffnungszeiten:<\/p>\n<ul>\n<li>Donnerstag bis Samstag zum Abendessen 19.00 &#8211; 22.00 Uhr<\/li>\n<li>Samstag zum \u201eHigh Tea\u201c 15.00 &#8211; 17.00 Uhr<\/li>\n<li>Sonntag zum Brunch 11.00 &#8211; 14.00 Uhr<\/li>\n<\/ul>\n<\/blockquote>\n<p>[\/vc_column_text][vc_column_text]Kleiderordnung: Im Fine Dine Restaurant Ch\u00e2teau Mon D\u00e9sir bitten wir die Herren geschlossene Schuhe und Kragenhemden zu tragen, Jeans und Sportschuhe sind nicht erlaubt.[\/vc_column_text][\/vc_column][\/vc_row][vc_row][vc_column]<div class=\"ult-spacer spacer-69da074cc2a25\" data-id=\"69da074cc2a25\" data-height=\"35\" data-height-mobile=\"35\" data-height-tab=\"35\" data-height-tab-portrait=\"\" data-height-mobile-landscape=\"\" style=\"clear:both;display:block;\"><\/div>[\/vc_column][\/vc_row]<\/p>\n","protected":false},"excerpt":{"rendered":"<p>[vc_row bg_type=&#8220;bg_color&#8220; bg_override=&#8220;ex-full&#8220; css=&#8220;.vc_custom_1426675527276{padding-top: 60px !important;padding-bottom: 60px !important;}&#8220; bg_color_value=&#8220;#ffffff&#8220;][vc_column width=&#8220;1\/2&#8243; css=&#8220;.vc_custom_1468909717345{margin-bottom: 15px !important;padding-right: 15px !important;padding-left: 15px !important;}&#8220;][vc_column_text]Willkommen in der Welt&#8230;<\/p>\n","protected":false},"author":1,"featured_media":0,"parent":0,"menu_order":0,"comment_status":"closed","ping_status":"closed","template":"","meta":{"footnotes":""},"class_list":["post-2018","page","type-page","status-publish","hentry"],"_links":{"self":[{"href":"https:\/\/www.chateaumondesir.mu\/de\/wp-json\/wp\/v2\/pages\/2018","targetHints":{"allow":["GET"]}}],"collection":[{"href":"https:\/\/www.chateaumondesir.mu\/de\/wp-json\/wp\/v2\/pages"}],"about":[{"href":"https:\/\/www.chateaumondesir.mu\/de\/wp-json\/wp\/v2\/types\/page"}],"author":[{"embeddable":true,"href":"https:\/\/www.chateaumondesir.mu\/de\/wp-json\/wp\/v2\/users\/1"}],"replies":[{"embeddable":true,"href":"https:\/\/www.chateaumondesir.mu\/de\/wp-json\/wp\/v2\/comments?post=2018"}],"version-history":[{"count":12,"href":"https:\/\/www.chateaumondesir.mu\/de\/wp-json\/wp\/v2\/pages\/2018\/revisions"}],"predecessor-version":[{"id":2378,"href":"https:\/\/www.chateaumondesir.mu\/de\/wp-json\/wp\/v2\/pages\/2018\/revisions\/2378"}],"wp:attachment":[{"href":"https:\/\/www.chateaumondesir.mu\/de\/wp-json\/wp\/v2\/media?parent=2018"}],"curies":[{"name":"wp","href":"https:\/\/api.w.org\/{rel}","templated":true}]}}