            {"id":1928,"date":"2015-03-03T11:09:22","date_gmt":"2015-03-03T11:09:22","guid":{"rendered":"http:\/\/www.chateaumondesir.mu\/home\/?lang=fr"},"modified":"2023-05-23T16:22:23","modified_gmt":"2023-05-23T14:22:23","slug":"home","status":"publish","type":"page","link":"http:\/\/www.chateaumondesir.mu\/fr\/","title":{"rendered":"Accueil"},"content":{"rendered":"<p>[vc_row full_width=\u00a0\u00bbstretch_row_content_no_spaces\u00a0\u00bb][vc_column][vc_column_text]<\/p>\n<p>[\/vc_column_text]<div id=\"ult-carousel-16423406669ea28005ae33\" class=\"ult-carousel-wrapper  hidden ult_horizontal\" data-gutter=\"0\" data-rtl=\"false\" ><div class=\"ult-carousel-44446005469ea28005aca0 \" >[vc_single_image image=\u00a0\u00bb3165&Prime; img_size=\u00a0\u00bbfull\u00a0\u00bb alignment=\u00a0\u00bbcenter\u00a0\u00bb][vc_single_image image=\u00a0\u00bb3168&Prime; img_size=\u00a0\u00bbfull\u00a0\u00bb alignment=\u00a0\u00bbcenter\u00a0\u00bb][vc_single_image image=\u00a0\u00bb3171&Prime; img_size=\u00a0\u00bbfull\u00a0\u00bb alignment=\u00a0\u00bbcenter\u00a0\u00bb][vc_single_image image=\u00a0\u00bb3162&Prime; img_size=\u00a0\u00bbfull\u00a0\u00bb alignment=\u00a0\u00bbcenter\u00a0\u00bb]<\/div><\/div>            <script type=\"text\/javascript\">\n\t\t\t\tjQuery(document).ready(function($){\n               \t\t$('.ult-carousel-44446005469ea28005aca0').slick({dots: false,autoplay: true,autoplaySpeed: 5000,speed: 500,infinite: true,arrows: false,slidesToScroll:1,slidesToShow:1,swipe: true,draggable: true,touchMove: true,responsive: [\n\t\t\t\t\t\t\t{\n\t\t\t\t\t\t\t  breakpoint: 1025,\n\t\t\t\t\t\t\t  settings: {\n\t\t\t\t\t\t\t\tslidesToShow: 1,\n\t\t\t\t\t\t\t\tslidesToScroll: 1,  \n\t\t\t\t\t\t\t  }\n\t\t\t\t\t\t\t},\n\t\t\t\t\t\t\t{\n\t\t\t\t\t\t\t  breakpoint: 769,\n\t\t\t\t\t\t\t  settings: {\n\t\t\t\t\t\t\t\tslidesToShow: 1,\n\t\t\t\t\t\t\t\tslidesToScroll: 1\n\t\t\t\t\t\t\t  }\n\t\t\t\t\t\t\t},\n\t\t\t\t\t\t\t{\n\t\t\t\t\t\t\t  breakpoint: 481,\n\t\t\t\t\t\t\t  settings: {\n\t\t\t\t\t\t\t\tslidesToShow: 1,\n\t\t\t\t\t\t\t\tslidesToScroll: 1\n\t\t\t\t\t\t\t  }\n\t\t\t\t\t\t\t}\n\t\t\t\t\t\t],pauseOnHover: true,\n\t\t\t\t\t\tpauseOnDotsHover: true,customPaging: function(slider, i) {\n                   return '<i type=\"button\" style=\"color:#333333;\" class=\"ultsl-record\" data-role=\"none\"><\/i>';\n                },});\n\t\t\t\t});\n\t\t\t<\/script>\n            <div id=\"ult-carousel-168018382369ea28005aea2\" class=\"ult-carousel-wrapper   ult_horizontal\" data-gutter=\"0\" data-rtl=\"false\" ><div class=\"ult-carousel-170734275369ea28005ae9b \" >[vc_row_inner][vc_column_inner css=\u00a0\u00bb.vc_custom_1684839263192{background-image: url(http:\/\/www.chateaumondesir.mu\/wp-content\/uploads\/2023\/05\/homepage-1.jpg?id=3165) !important;background-position: center !important;background-repeat: no-repeat !important;background-size: cover !important;}\u00a0\u00bb]<div class=\"ult-item-wrap\" data-animation=\"animated no-animation\"><div class=\"ult-spacer spacer-69ea28005af3f\" data-id=\"69ea28005af3f\" data-height=\"60\" data-height-mobile=\"30\" data-height-tab=\"30\" data-height-tab-portrait=\"30\" data-height-mobile-landscape=\"30\" style=\"clear:both;display:block;\"><\/div><\/div><div class=\"ult-item-wrap\" data-animation=\"animated no-animation\"><div class=\"ult-spacer spacer-69ea28005af58\" data-id=\"69ea28005af58\" data-height=\"60\" data-height-mobile=\"30\" data-height-tab=\"30\" data-height-tab-portrait=\"30\" data-height-mobile-landscape=\"30\" style=\"clear:both;display:block;\"><\/div><\/div><div class=\"ult-item-wrap\" data-animation=\"animated no-animation\"><div class=\"ult-spacer spacer-69ea28005af69\" data-id=\"69ea28005af69\" data-height=\"60\" data-height-mobile=\"30\" data-height-tab=\"30\" data-height-tab-portrait=\"30\" data-height-mobile-landscape=\"30\" style=\"clear:both;display:block;\"><\/div><\/div><div class=\"ult-item-wrap\" data-animation=\"animated no-animation\"><div class=\"ult-spacer spacer-69ea28005af83\" data-id=\"69ea28005af83\" data-height=\"60\" data-height-mobile=\"30\" data-height-tab=\"30\" data-height-tab-portrait=\"30\" data-height-mobile-landscape=\"30\" style=\"clear:both;display:block;\"><\/div><\/div>[\/vc_column_inner][\/vc_row_inner][vc_row_inner][vc_column_inner css=\u00a0\u00bb.vc_custom_1684840104064{background-image: url(http:\/\/www.chateaumondesir.mu\/wp-content\/uploads\/2023\/05\/homepage-2.jpg?id=3168) !important;background-position: center !important;background-repeat: no-repeat !important;background-size: cover !important;}\u00a0\u00bb]<div class=\"ult-item-wrap\" data-animation=\"animated no-animation\"><div class=\"ult-spacer spacer-69ea28005af93\" data-id=\"69ea28005af93\" data-height=\"60\" data-height-mobile=\"30\" data-height-tab=\"30\" data-height-tab-portrait=\"30\" data-height-mobile-landscape=\"30\" style=\"clear:both;display:block;\"><\/div><\/div><div class=\"ult-item-wrap\" data-animation=\"animated no-animation\"><div class=\"ult-spacer spacer-69ea28005afa2\" data-id=\"69ea28005afa2\" data-height=\"60\" data-height-mobile=\"30\" data-height-tab=\"30\" data-height-tab-portrait=\"30\" data-height-mobile-landscape=\"30\" style=\"clear:both;display:block;\"><\/div><\/div><div class=\"ult-item-wrap\" data-animation=\"animated no-animation\"><div class=\"ult-spacer spacer-69ea28005afb1\" data-id=\"69ea28005afb1\" data-height=\"60\" data-height-mobile=\"30\" data-height-tab=\"30\" data-height-tab-portrait=\"30\" data-height-mobile-landscape=\"30\" style=\"clear:both;display:block;\"><\/div><\/div><div class=\"ult-item-wrap\" data-animation=\"animated no-animation\"><div class=\"ult-spacer spacer-69ea28005afbf\" data-id=\"69ea28005afbf\" data-height=\"60\" data-height-mobile=\"30\" data-height-tab=\"30\" data-height-tab-portrait=\"30\" data-height-mobile-landscape=\"30\" style=\"clear:both;display:block;\"><\/div><\/div>[\/vc_column_inner][\/vc_row_inner][vc_row_inner][vc_column_inner css=\u00a0\u00bb.vc_custom_1684840181336{background-image: url(http:\/\/www.chateaumondesir.mu\/wp-content\/uploads\/2023\/05\/homepage-3.jpg?id=3171) !important;background-position: center !important;background-repeat: no-repeat !important;background-size: cover !important;}\u00a0\u00bb]<div class=\"ult-item-wrap\" data-animation=\"animated no-animation\"><div class=\"ult-spacer spacer-69ea28005afcd\" data-id=\"69ea28005afcd\" data-height=\"60\" data-height-mobile=\"30\" data-height-tab=\"30\" data-height-tab-portrait=\"30\" data-height-mobile-landscape=\"30\" style=\"clear:both;display:block;\"><\/div><\/div><div class=\"ult-item-wrap\" data-animation=\"animated no-animation\"><div class=\"ult-spacer spacer-69ea28005afda\" data-id=\"69ea28005afda\" data-height=\"60\" data-height-mobile=\"30\" data-height-tab=\"30\" data-height-tab-portrait=\"30\" data-height-mobile-landscape=\"30\" style=\"clear:both;display:block;\"><\/div><\/div><div class=\"ult-item-wrap\" data-animation=\"animated no-animation\"><div class=\"ult-spacer spacer-69ea28005afe7\" data-id=\"69ea28005afe7\" data-height=\"60\" data-height-mobile=\"30\" data-height-tab=\"30\" data-height-tab-portrait=\"30\" data-height-mobile-landscape=\"30\" style=\"clear:both;display:block;\"><\/div><\/div><div class=\"ult-item-wrap\" data-animation=\"animated no-animation\"><div class=\"ult-spacer spacer-69ea28005aff4\" data-id=\"69ea28005aff4\" data-height=\"60\" data-height-mobile=\"30\" data-height-tab=\"30\" data-height-tab-portrait=\"30\" data-height-mobile-landscape=\"30\" style=\"clear:both;display:block;\"><\/div><\/div>[\/vc_column_inner][\/vc_row_inner][vc_row_inner][vc_column_inner css=\u00a0\u00bb.vc_custom_1684840141585{background-image: url(http:\/\/www.chateaumondesir.mu\/wp-content\/uploads\/2023\/05\/homepage-3.jpg?id=3171) !important;background-position: center !important;background-repeat: no-repeat !important;background-size: cover !important;}\u00a0\u00bb]<div class=\"ult-item-wrap\" data-animation=\"animated no-animation\"><div class=\"ult-spacer spacer-69ea28005b002\" data-id=\"69ea28005b002\" data-height=\"60\" data-height-mobile=\"30\" data-height-tab=\"30\" data-height-tab-portrait=\"30\" data-height-mobile-landscape=\"30\" style=\"clear:both;display:block;\"><\/div><\/div><div class=\"ult-item-wrap\" data-animation=\"animated no-animation\"><div class=\"ult-spacer spacer-69ea28005b011\" data-id=\"69ea28005b011\" data-height=\"60\" data-height-mobile=\"30\" data-height-tab=\"30\" data-height-tab-portrait=\"30\" data-height-mobile-landscape=\"30\" style=\"clear:both;display:block;\"><\/div><\/div><div class=\"ult-item-wrap\" data-animation=\"animated no-animation\"><div class=\"ult-spacer spacer-69ea28005b01d\" data-id=\"69ea28005b01d\" data-height=\"60\" data-height-mobile=\"30\" data-height-tab=\"30\" data-height-tab-portrait=\"30\" data-height-mobile-landscape=\"30\" style=\"clear:both;display:block;\"><\/div><\/div><div class=\"ult-item-wrap\" data-animation=\"animated no-animation\"><div class=\"ult-spacer spacer-69ea28005b02a\" data-id=\"69ea28005b02a\" data-height=\"60\" data-height-mobile=\"30\" data-height-tab=\"30\" data-height-tab-portrait=\"30\" data-height-mobile-landscape=\"30\" style=\"clear:both;display:block;\"><\/div><\/div>[\/vc_column_inner][\/vc_row_inner]<\/div><\/div>            <script type=\"text\/javascript\">\n\t\t\t\tjQuery(document).ready(function($){\n               \t\t$('.ult-carousel-170734275369ea28005ae9b').slick({dots: false,autoplay: true,autoplaySpeed: 5000,speed: 500,infinite: true,arrows: false,slidesToScroll:1,slidesToShow:1,swipe: true,draggable: true,touchMove: true,responsive: [\n\t\t\t\t\t\t\t{\n\t\t\t\t\t\t\t  breakpoint: 1025,\n\t\t\t\t\t\t\t  settings: {\n\t\t\t\t\t\t\t\tslidesToShow: 1,\n\t\t\t\t\t\t\t\tslidesToScroll: 1,  \n\t\t\t\t\t\t\t  }\n\t\t\t\t\t\t\t},\n\t\t\t\t\t\t\t{\n\t\t\t\t\t\t\t  breakpoint: 769,\n\t\t\t\t\t\t\t  settings: {\n\t\t\t\t\t\t\t\tslidesToShow: 1,\n\t\t\t\t\t\t\t\tslidesToScroll: 1\n\t\t\t\t\t\t\t  }\n\t\t\t\t\t\t\t},\n\t\t\t\t\t\t\t{\n\t\t\t\t\t\t\t  breakpoint: 481,\n\t\t\t\t\t\t\t  settings: {\n\t\t\t\t\t\t\t\tslidesToShow: 1,\n\t\t\t\t\t\t\t\tslidesToScroll: 1\n\t\t\t\t\t\t\t  }\n\t\t\t\t\t\t\t}\n\t\t\t\t\t\t],pauseOnHover: true,\n\t\t\t\t\t\tpauseOnDotsHover: true,customPaging: function(slider, i) {\n                   return '<i type=\"button\" style=\"color:#333333;\" class=\"ultsl-record\" data-role=\"none\"><\/i>';\n                },});\n\t\t\t\t});\n\t\t\t<\/script>\n            [\/vc_column][\/vc_row][vc_row][vc_column]<div class=\"ult-spacer spacer-69ea28005b047\" data-id=\"69ea28005b047\" data-height=\"60\" data-height-mobile=\"30\" data-height-tab=\"30\" data-height-tab-portrait=\"30\" data-height-mobile-landscape=\"30\" style=\"clear:both;display:block;\"><\/div><div class=\"stm-testimonial\"><p style=\"text-align: center;\"><em>Faites \u2013vous plaisir avec un diner gastronomique, un brunch ou un go\u00fbter dans notre restaurant gastromique.Cet \u00e9l\u00e9gant restaurant situ\u00e9 dans un manoir de style colonial est r\u00e9put\u00e9 sur l\u2019\u00eele comme l\u2019une des meilleures tables. Un lieu o\u00f9 la Gastronomie rencontre l\u2019Histoire.<\/em><\/p>\n<div class=\"author\" style=\"color:#750a2b;\"><\/div><\/div><div class=\"ult-spacer spacer-69ea28005b15d\" data-id=\"69ea28005b15d\" data-height=\"60\" data-height-mobile=\"30\" data-height-tab=\"30\" data-height-tab-portrait=\"30\" data-height-mobile-landscape=\"30\" style=\"clear:both;display:block;\"><\/div>[\/vc_column][\/vc_row][vc_row full_width=\u00a0\u00bbstretch_row\u00a0\u00bb el_class=\u00a0\u00bbhidden\u00a0\u00bb][vc_column]<div class=\"ult-spacer spacer-69ea28005b170\" data-id=\"69ea28005b170\" data-height=\"60\" data-height-mobile=\"0\" data-height-tab=\"0\" data-height-tab-portrait=\"0\" data-height-mobile-landscape=\"0\" style=\"clear:both;display:block;\"><\/div>[vc_cta_button call_text=\u00a0\u00bbContact us to reserve your fine dining experience\u2026 \u00a0\u00bb title=\u00a0\u00bbReservation\u00a0\u00bb color=\u00a0\u00bbbtn-inverse\u00a0\u00bb stm_cta_style=\u00a0\u00bb style-2&Prime; href=\u00a0\u00bb\/contact-us\/\u00a0\u00bb]<div class=\"ult-spacer spacer-69ea28005b18d\" data-id=\"69ea28005b18d\" data-height=\"60\" data-height-mobile=\"0\" data-height-tab=\"0\" data-height-tab-portrait=\"0\" data-height-mobile-landscape=\"0\" style=\"clear:both;display:block;\"><\/div>[\/vc_column][\/vc_row][vc_row bg_type=\u00a0\u00bbbg_color\u00a0\u00bb bg_override=\u00a0\u00bbex-full\u00a0\u00bb bg_color_value=\u00a0\u00bb#750a2b\u00a0\u00bb css=\u00a0\u00bb.vc_custom_1468397317216{padding-top: 75px !important;padding-bottom: 71px !important;}\u00a0\u00bb][vc_column]<div class=\"ult-animation  ult-animate-viewport  ult-no-mobile  vc_custom_1468907123709\" data-animate=\"fadeIn\" data-animation-delay=\"0\" data-animation-duration=\"3\" data-animation-iteration=\"1\" style=\"opacity:0;\" data-opacity_start_effect=\"\"><div class=\"ult-spacer spacer-69ea28005b1d2\" data-id=\"69ea28005b1d2\" data-height=\"0\" data-height-mobile=\"0\" data-height-tab=\"0\" data-height-tab-portrait=\"0\" data-height-mobile-landscape=\"0\" style=\"clear:both;display:block;\"><\/div>[vc_custom_heading text=\u00a0\u00bbOur Experiences\u00a0\u00bb font_container=\u00a0\u00bbtag:h2|text_align:left|color:%23ffffff\u00a0\u00bb google_fonts=\u00a0\u00bbfont_family:Roboto%20Slab%3A100%2C300%2Cregular%2C700|font_style:300%20light%20regular%3A300%3Anormal\u00a0\u00bb stm_sep_icon_size=\u00a0\u00bb30&Prime; css=\u00a0\u00bb.vc_custom_1601978545316{margin-bottom: 0px !important;}\u00a0\u00bb]<div class=\"ult-spacer spacer-69ea28005b1e0\" data-id=\"69ea28005b1e0\" data-height=\"44\" data-height-mobile=\"44\" data-height-tab=\"44\" data-height-tab-portrait=\"44\" data-height-mobile-landscape=\"44\" style=\"clear:both;display:block;\"><\/div><\/div>[vc_row_inner][vc_column_inner width=\u00a0\u00bb1\/2&Prime;]<div class=\"ult-animation home-info-box ult-animate-viewport  ult-no-mobile  vc_custom_1468907641317\" data-animate=\"fadeInLeft\" data-animation-delay=\"0\" data-animation-duration=\"1.5\" data-animation-iteration=\"1\" style=\"opacity:0;\" data-opacity_start_effect=\"\"><div class=\"info_box\"><h4>D\u00eener<\/h4><div class=\"info-box_separator\"><div class=\"line\"><\/div><\/div><p>Savourez la cuisine la plus exquise avec des sp\u00e9cialit\u00e9s internationales, des mets Fran\u00e7ais et de l&rsquo;Oc\u00e9an Indien, ainsi que des vins de classe mondiale provenant de notre cave \u00e0 vin.<\/p>\n<\/div><\/div><div class=\"ult-spacer spacer-69ea28005b297\" data-id=\"69ea28005b297\" data-height=\"32\" data-height-mobile=\"32\" data-height-tab=\"32\" data-height-tab-portrait=\"32\" data-height-mobile-landscape=\"32\" style=\"clear:both;display:block;\"><\/div>[\/vc_column_inner][vc_column_inner width=\u00a0\u00bb1\/2&Prime;]<div class=\"ult-animation home-info-box ult-animate-viewport  ult-no-mobile  vc_custom_1468907667380\" data-animate=\"fadeInLeft\" data-animation-delay=\"0.5\" data-animation-duration=\"1.5\" data-animation-iteration=\"1\" style=\"opacity:0;\" data-opacity_start_effect=\"\"><div class=\"info_box\"><h4>High Tea<\/h4><div class=\"info-box_separator\"><div class=\"line\"><\/div><\/div><p>C\u00e9l\u00e9brez la tradition anglaise de l&rsquo;afternoon tea dans le cadre enchanteur de cette demeure de style colonial. Une s\u00e9lection de d\u00e9lices sucr\u00e9s et sal\u00e9s, de jus de fruits et de boissons chaudes est propos\u00e9e.<\/p>\n<\/div><\/div><div class=\"ult-spacer spacer-69ea28005b2ea\" data-id=\"69ea28005b2ea\" data-height=\"32\" data-height-mobile=\"32\" data-height-tab=\"32\" data-height-tab-portrait=\"32\" data-height-mobile-landscape=\"32\" style=\"clear:both;display:block;\"><\/div>[\/vc_column_inner][\/vc_row_inner][vc_row_inner][vc_column_inner width=\u00a0\u00bb1\/2&Prime;]<div class=\"ult-animation home-info-box ult-animate-viewport  ult-no-mobile  vc_custom_1468907647910\" data-animate=\"fadeInLeft\" data-animation-delay=\"1\" data-animation-duration=\"1.5\" data-animation-iteration=\"1\" style=\"opacity:0;\" data-opacity_start_effect=\"\"><div class=\"info_box\"><h4>Sunday Brunch<\/h4><div class=\"info-box_separator\"><div class=\"line\"><\/div><\/div><p>Profitez d&rsquo;un brunch embl\u00e9matique et luxueux dans le cadre enchanteur du Ch\u00e2teau Mon D\u00e9sir, qui surplombe les \u00ab\u00a0Ruines Historiques de Balaclava\u00a0\u00bb et la Rivi\u00e8re Citron !<\/p>\n<\/div><\/div><div class=\"ult-spacer spacer-69ea28005b330\" data-id=\"69ea28005b330\" data-height=\"32\" data-height-mobile=\"32\" data-height-tab=\"32\" data-height-tab-portrait=\"32\" data-height-mobile-landscape=\"32\" style=\"clear:both;display:block;\"><\/div>[\/vc_column_inner][vc_column_inner width=\u00a0\u00bb1\/2&Prime;]<div class=\"ult-animation home-info-box ult-animate-viewport  ult-no-mobile  vc_custom_1468907684112\" data-animate=\"fadeInLeft\" data-animation-delay=\"1.5\" data-animation-duration=\"1.5\" data-animation-iteration=\"1\" style=\"opacity:0;\" data-opacity_start_effect=\"\"><div class=\"info_box\"><h4>Gourmet Festivals &amp; Celebrations<\/h4><div class=\"info-box_separator\"><div class=\"line\"><\/div><\/div><p>Le Ch\u00e2teau Mon D\u00e9sir accueille une pl\u00e9thore de festivals culinaires exclusifs et constitue l&rsquo;un des meilleurs sites \u00e9v\u00e9nementiels de l&rsquo;\u00eele Maurice. Il propose une multitude de lieux, d&rsquo;\u00e9quipements et d&#8217;emplacements \u00e0 couper le souffle pour toutes vos c\u00e9l\u00e9brations&#8230;<\/p>\n<\/div><\/div><div class=\"ult-spacer spacer-69ea28005b376\" data-id=\"69ea28005b376\" data-height=\"32\" data-height-mobile=\"32\" data-height-tab=\"32\" data-height-tab-portrait=\"32\" data-height-mobile-landscape=\"32\" style=\"clear:both;display:block;\"><\/div>[\/vc_column_inner][\/vc_row_inner][\/vc_column][\/vc_row]<\/p>\n","protected":false},"excerpt":{"rendered":"<p>[vc_row full_width=\u00a0\u00bbstretch_row_content_no_spaces\u00a0\u00bb][vc_column][vc_column_text] [\/vc_column_text][\/vc_column][\/vc_row][vc_row][vc_column][\/vc_column][\/vc_row][vc_row full_width=\u00a0\u00bbstretch_row\u00a0\u00bb el_class=\u00a0\u00bbhidden\u00a0\u00bb][vc_column][vc_cta_button call_text=\u00a0\u00bbContact us to reserve your fine dining experience\u2026 \u00a0\u00bb title=\u00a0\u00bbReservation\u00a0\u00bb color=\u00a0\u00bbbtn-inverse\u00a0\u00bb stm_cta_style=\u00a0\u00bb style-2&Prime; href=\u00a0\u00bb\/contact-us\/\u00a0\u00bb][\/vc_column][\/vc_row][vc_row bg_type=\u00a0\u00bbbg_color\u00a0\u00bb&#8230;<\/p>\n","protected":false},"author":1,"featured_media":0,"parent":0,"menu_order":0,"comment_status":"closed","ping_status":"closed","template":"","meta":{"footnotes":""},"class_list":["post-1928","page","type-page","status-publish","hentry"],"_links":{"self":[{"href":"http:\/\/www.chateaumondesir.mu\/fr\/wp-json\/wp\/v2\/pages\/1928","targetHints":{"allow":["GET"]}}],"collection":[{"href":"http:\/\/www.chateaumondesir.mu\/fr\/wp-json\/wp\/v2\/pages"}],"about":[{"href":"http:\/\/www.chateaumondesir.mu\/fr\/wp-json\/wp\/v2\/types\/page"}],"author":[{"embeddable":true,"href":"http:\/\/www.chateaumondesir.mu\/fr\/wp-json\/wp\/v2\/users\/1"}],"replies":[{"embeddable":true,"href":"http:\/\/www.chateaumondesir.mu\/fr\/wp-json\/wp\/v2\/comments?post=1928"}],"version-history":[{"count":45,"href":"http:\/\/www.chateaumondesir.mu\/fr\/wp-json\/wp\/v2\/pages\/1928\/revisions"}],"predecessor-version":[{"id":3386,"href":"http:\/\/www.chateaumondesir.mu\/fr\/wp-json\/wp\/v2\/pages\/1928\/revisions\/3386"}],"wp:attachment":[{"href":"http:\/\/www.chateaumondesir.mu\/fr\/wp-json\/wp\/v2\/media?parent=1928"}],"curies":[{"name":"wp","href":"https:\/\/api.w.org\/{rel}","templated":true}]}}