            {"id":2031,"date":"2016-08-23T08:09:00","date_gmt":"2016-08-23T06:09:00","guid":{"rendered":"http:\/\/www.chateaumondesir.mu\/de\/high-tea\/"},"modified":"2019-06-07T12:49:44","modified_gmt":"2019-06-07T10:49:44","slug":"high-tea","status":"publish","type":"page","link":"http:\/\/www.chateaumondesir.mu\/de\/high-tea\/","title":{"rendered":"High tea"},"content":{"rendered":"<p>[vc_row bg_type=&#8220;bg_color&#8220; bg_override=&#8220;ex-full&#8220; css=&#8220;.vc_custom_1472022493625{padding-top: 60px !important;padding-bottom: 30px !important;}&#8220; bg_color_value=&#8220;#ffffff&#8220;][vc_column width=&#8220;1\/2&#8243; css=&#8220;.vc_custom_1468913058396{padding-right: 15px !important;padding-left: 15px !important;}&#8220;][vc_column_text]Zelebrieren Sie die englische Tradition des Nachmittagstees in der bezaubernden Atmosph\u00e4re dieses Herrenhauses im Kolonialstil. Hier entdecken Sie auch die \u201ehistorischen Ruinen von Balaclava\u201c, den kleinen Bauernhof mit Tieren, den Park der Riesenschildkr\u00f6ten und den Reiterhof des 5-Sterne Maritim Resort &amp; Spa Mauritius.[\/vc_column_text][\/vc_column][vc_column width=&#8220;1\/2&#8243; css=&#8220;.vc_custom_1468913063696{padding-right: 15px !important;padding-left: 15px !important;}&#8220;][vc_single_image image=&#8220;2341&#8243; img_size=&#8220;full&#8220; alignment=&#8220;center&#8220;][\/vc_column][\/vc_row][vc_row bg_type=&#8220;bg_color&#8220; bg_override=&#8220;ex-full&#8220; css=&#8220;.vc_custom_1472022442415{padding-top: 30px !important;padding-bottom: 30px !important;}&#8220; bg_color_value=&#8220;#ffffff&#8220;][vc_column width=&#8220;1\/2&#8243; css=&#8220;.vc_custom_1468913081698{padding-right: 15px !important;padding-left: 15px !important;}&#8220;][vc_single_image image=&#8220;2343&#8243; img_size=&#8220;full&#8220; alignment=&#8220;center&#8220;][\/vc_column][vc_column width=&#8220;1\/2&#8243; css=&#8220;.vc_custom_1468913076862{padding-right: 15px !important;padding-left: 15px !important;}&#8220;][vc_column_text]<\/p>\n<blockquote><p><strong>750<\/strong> MUR* pro Person<br \/>\n50 % auf den Erwachsenentarif f\u00fcr Kinder (unter 12 Jahren)<br \/>\n(inklusive Auswahl von Geb\u00e4ck, S\u00e4ften und warmen Getr\u00e4nken)<br \/>\nJeden Samstag von 15:00 bis 17:00 Uhr<\/p><\/blockquote>\n<p>[\/vc_column_text]<div class=\"ult-spacer spacer-69df2af998722\" data-id=\"69df2af998722\" data-height=\"22\" data-height-mobile=\"22\" data-height-tab=\"22\" data-height-tab-portrait=\"\" data-height-mobile-landscape=\"\" style=\"clear:both;display:block;\"><\/div><div class=\"aio-icon-component    style_1\"><div id=\"Info-box-wrap-7617\" class=\"aio-icon-box default-icon\" style=\"\"  ><div class=\"aio-icon-default\"><div class=\"ult-just-icon-wrapper  \"><div class=\"align-icon\" style=\"text-align:center;\">\n<div class=\"aio-icon none \"  style=\"color:#333;font-size:32px;display:inline-block;\">\n\t<i class=\"Defaults-envelope-o\"><\/i>\n<\/div><\/div><\/div><\/div><div class=\"aio-icon-header\" ><h3 class=\"aio-icon-title ult-responsive\"  data-ultimate-target='#Info-box-wrap-7617 .aio-icon-title'  data-responsive-json-new='{\"font-size\":\"\",\"line-height\":\"\"}'  style=\"font-style:italic;font-weight:normal;\">Anfragen<\/h3><\/div> <!-- header --><div class=\"aio-icon-description ult-responsive\"  data-ultimate-target='#Info-box-wrap-7617 .aio-icon-description'  data-responsive-json-new='{\"font-size\":\"\",\"line-height\":\"\"}'  style=\"\"><a href=\"http:\/\/www.chateaumondesir.mu\/wp-content\/uploads\/2016\/08\/2017-06-30-HIGH-TEA-CMD.pdf\">PDF-Datei zum Download<\/a><\/p>\n<p>Bitte kontaktieren Sie uns: <a href=\"mailto:meeting.mau@maritim.com \">meeting.mau@maritim.com<\/a><\/div> <!-- description --><\/div> <!-- aio-icon-box --><\/div> <!-- aio-icon-component -->[\/vc_column][\/vc_row]<\/p>\n","protected":false},"excerpt":{"rendered":"<p>[vc_row bg_type=&#8220;bg_color&#8220; bg_override=&#8220;ex-full&#8220; css=&#8220;.vc_custom_1472022493625{padding-top: 60px !important;padding-bottom: 30px !important;}&#8220; bg_color_value=&#8220;#ffffff&#8220;][vc_column width=&#8220;1\/2&#8243; css=&#8220;.vc_custom_1468913058396{padding-right: 15px !important;padding-left: 15px !important;}&#8220;][vc_column_text]Zelebrieren Sie die englische Tradition des&#8230;<\/p>\n","protected":false},"author":1,"featured_media":0,"parent":0,"menu_order":0,"comment_status":"closed","ping_status":"closed","template":"","meta":{"footnotes":""},"class_list":["post-2031","page","type-page","status-publish","hentry"],"_links":{"self":[{"href":"http:\/\/www.chateaumondesir.mu\/de\/wp-json\/wp\/v2\/pages\/2031","targetHints":{"allow":["GET"]}}],"collection":[{"href":"http:\/\/www.chateaumondesir.mu\/de\/wp-json\/wp\/v2\/pages"}],"about":[{"href":"http:\/\/www.chateaumondesir.mu\/de\/wp-json\/wp\/v2\/types\/page"}],"author":[{"embeddable":true,"href":"http:\/\/www.chateaumondesir.mu\/de\/wp-json\/wp\/v2\/users\/1"}],"replies":[{"embeddable":true,"href":"http:\/\/www.chateaumondesir.mu\/de\/wp-json\/wp\/v2\/comments?post=2031"}],"version-history":[{"count":10,"href":"http:\/\/www.chateaumondesir.mu\/de\/wp-json\/wp\/v2\/pages\/2031\/revisions"}],"predecessor-version":[{"id":2349,"href":"http:\/\/www.chateaumondesir.mu\/de\/wp-json\/wp\/v2\/pages\/2031\/revisions\/2349"}],"wp:attachment":[{"href":"http:\/\/www.chateaumondesir.mu\/de\/wp-json\/wp\/v2\/media?parent=2031"}],"curies":[{"name":"wp","href":"https:\/\/api.w.org\/{rel}","templated":true}]}}